{"id":7738,"date":"2026-04-03T08:57:42","date_gmt":"2026-04-03T06:57:42","guid":{"rendered":"https:\/\/centresocial-horizon.fr\/?page_id=7738"},"modified":"2026-04-03T08:57:42","modified_gmt":"2026-04-03T06:57:42","slug":"vide-grenier-2026","status":"publish","type":"page","link":"https:\/\/centresocial-horizon.fr\/?page_id=7738","title":{"rendered":"Vide grenier 2026"},"content":{"rendered":"\n<figure class=\"wp-block-image size-large\"><a href=\"https:\/\/centresocial-horizon.fr\/wp-content\/uploads\/2026\/04\/Vide-greniers-2026.png\"><img loading=\"lazy\" decoding=\"async\" width=\"724\" height=\"1024\" src=\"https:\/\/centresocial-horizon.fr\/wp-content\/uploads\/2026\/04\/Vide-greniers-2026-724x1024.png\" alt=\"\" class=\"wp-image-7739\" srcset=\"https:\/\/centresocial-horizon.fr\/wp-content\/uploads\/2026\/04\/Vide-greniers-2026-724x1024.png 724w, https:\/\/centresocial-horizon.fr\/wp-content\/uploads\/2026\/04\/Vide-greniers-2026-212x300.png 212w, https:\/\/centresocial-horizon.fr\/wp-content\/uploads\/2026\/04\/Vide-greniers-2026-768x1086.png 768w, https:\/\/centresocial-horizon.fr\/wp-content\/uploads\/2026\/04\/Vide-greniers-2026-600x849.png 600w, https:\/\/centresocial-horizon.fr\/wp-content\/uploads\/2026\/04\/Vide-greniers-2026-1086x1536.png 1086w, https:\/\/centresocial-horizon.fr\/wp-content\/uploads\/2026\/04\/Vide-greniers-2026.png 1414w\" sizes=\"auto, (max-width: 724px) 100vw, 724px\" \/><\/a><\/figure>\n\n\n\n<p><\/p>\n\n\n\n<div data-wp-interactive=\"core\/file\" class=\"wp-block-file\"><object data-wp-bind--hidden=\"!state.hasPdfPreview\" hidden class=\"wp-block-file__embed\" data=\"https:\/\/centresocial-horizon.fr\/wp-content\/uploads\/2026\/04\/Bulletin-inscription-regelement-interieur-VG-2026-CS-Horizon.pdf\" type=\"application\/pdf\" style=\"width:100%;height:600px\" aria-label=\"Contenu embarqu\u00e9 Bulletin inscription + r\u00e8glement int\u00e9rieur VG 2026 CS Horizon.\"><\/object><a id=\"wp-block-file--media-49b549bc-475c-4d4a-b301-6002652fbc40\" href=\"https:\/\/centresocial-horizon.fr\/wp-content\/uploads\/2026\/04\/Bulletin-inscription-regelement-interieur-VG-2026-CS-Horizon.pdf\">Bulletin inscription + r\u00e8glement int\u00e9rieur VG 2026 CS Horizon<\/a><a href=\"https:\/\/centresocial-horizon.fr\/wp-content\/uploads\/2026\/04\/Bulletin-inscription-regelement-interieur-VG-2026-CS-Horizon.pdf\" class=\"wp-block-file__button wp-element-button\" download aria-describedby=\"wp-block-file--media-49b549bc-475c-4d4a-b301-6002652fbc40\">T\u00e9l\u00e9charger<\/a><\/div>\n","protected":false},"excerpt":{"rendered":"","protected":false},"author":17,"featured_media":0,"parent":0,"menu_order":0,"comment_status":"closed","ping_status":"closed","template":"","meta":{"footnotes":""},"class_list":["post-7738","page","type-page","status-publish","hentry"],"_links":{"self":[{"href":"https:\/\/centresocial-horizon.fr\/index.php?rest_route=\/wp\/v2\/pages\/7738","targetHints":{"allow":["GET"]}}],"collection":[{"href":"https:\/\/centresocial-horizon.fr\/index.php?rest_route=\/wp\/v2\/pages"}],"about":[{"href":"https:\/\/centresocial-horizon.fr\/index.php?rest_route=\/wp\/v2\/types\/page"}],"author":[{"embeddable":true,"href":"https:\/\/centresocial-horizon.fr\/index.php?rest_route=\/wp\/v2\/users\/17"}],"replies":[{"embeddable":true,"href":"https:\/\/centresocial-horizon.fr\/index.php?rest_route=%2Fwp%2Fv2%2Fcomments&post=7738"}],"version-history":[{"count":1,"href":"https:\/\/centresocial-horizon.fr\/index.php?rest_route=\/wp\/v2\/pages\/7738\/revisions"}],"predecessor-version":[{"id":7743,"href":"https:\/\/centresocial-horizon.fr\/index.php?rest_route=\/wp\/v2\/pages\/7738\/revisions\/7743"}],"wp:attachment":[{"href":"https:\/\/centresocial-horizon.fr\/index.php?rest_route=%2Fwp%2Fv2%2Fmedia&parent=7738"}],"curies":[{"name":"wp","href":"https:\/\/api.w.org\/{rel}","templated":true}]}}