{"id":61,"date":"2011-02-23T15:40:04","date_gmt":"2011-02-23T14:40:04","guid":{"rendered":"http:\/\/cshorizon.free.fr\/?page_id=61"},"modified":"2025-09-11T11:12:56","modified_gmt":"2025-09-11T09:12:56","slug":"echange-de-savoir","status":"publish","type":"page","link":"https:\/\/centresocial-horizon.fr\/?page_id=61","title":{"rendered":"\u00c9changes de savoirs"},"content":{"rendered":"\n<h3 class=\"wp-block-heading\">L&rsquo;id\u00e9e est simple, le Centre Social met en relation des personnes qui souhaitent recevoir des savoirs avec celles qui se proposent de les transmettre.<\/h3>\n\n\n\n<h3 class=\"wp-block-heading\">Toutefois comme pour les autres activit\u00e9s, vous devez \u00eatre adh\u00e9rent au Centre Social.<\/h3>\n\n\n\n<h3 class=\"wp-block-heading\">Une participation au fonctionnement du Centre Social sera demand\u00e9e en d\u00e9but d&rsquo;ann\u00e9e.&nbsp;Les ateliers d&rsquo;\u00e9changes sont collectifs, avec une inscription \u00e0 l&rsquo;ann\u00e9e. La r\u00e9gularit\u00e9 et l&rsquo;assiduit\u00e9 sont souhait\u00e9es pour le bon fonctionnement des \u00e9changes.<\/h3>\n\n\n\n<h3 class=\"wp-block-heading\">Certains groupes sont limit\u00e9s en places, renseignements \u00e0 l&rsquo;accueil.<\/h3>\n\n\n\n<div data-wp-interactive=\"core\/file\" class=\"wp-block-file\"><object data-wp-bind--hidden=\"!state.hasPdfPreview\" hidden class=\"wp-block-file__embed\" data=\"https:\/\/centresocial-horizon.fr\/wp-content\/uploads\/2025\/09\/PLAQUETTE-EDS-2025-26.pdf\" type=\"application\/pdf\" style=\"width:100%;height:600px\" aria-label=\"Contenu embarqu\u00e9 PLAQUETTE EDS 2025-26.\"><\/object><a id=\"wp-block-file--media-d8a87e94-bbfc-4e67-9de7-700cd641bc6f\" href=\"https:\/\/centresocial-horizon.fr\/wp-content\/uploads\/2025\/09\/PLAQUETTE-EDS-2025-26.pdf\">PLAQUETTE EDS 2025-26<\/a><a href=\"https:\/\/centresocial-horizon.fr\/wp-content\/uploads\/2025\/09\/PLAQUETTE-EDS-2025-26.pdf\" class=\"wp-block-file__button wp-element-button\" download aria-describedby=\"wp-block-file--media-d8a87e94-bbfc-4e67-9de7-700cd641bc6f\">T\u00e9l\u00e9charger<\/a><\/div>\n\n\n\n<p><\/p>\n","protected":false},"excerpt":{"rendered":"<p>L&rsquo;id\u00e9e est simple, le Centre Social met en relation des personnes qui souhaitent recevoir des savoirs avec celles qui se proposent de les transmettre. Toutefois comme pour les autres activit\u00e9s, vous devez \u00eatre adh\u00e9rent&#46;&#46;&#46;<\/p>\n","protected":false},"author":11,"featured_media":0,"parent":0,"menu_order":5,"comment_status":"closed","ping_status":"closed","template":"","meta":{"footnotes":""},"class_list":["post-61","page","type-page","status-publish","hentry"],"_links":{"self":[{"href":"https:\/\/centresocial-horizon.fr\/index.php?rest_route=\/wp\/v2\/pages\/61","targetHints":{"allow":["GET"]}}],"collection":[{"href":"https:\/\/centresocial-horizon.fr\/index.php?rest_route=\/wp\/v2\/pages"}],"about":[{"href":"https:\/\/centresocial-horizon.fr\/index.php?rest_route=\/wp\/v2\/types\/page"}],"author":[{"embeddable":true,"href":"https:\/\/centresocial-horizon.fr\/index.php?rest_route=\/wp\/v2\/users\/11"}],"replies":[{"embeddable":true,"href":"https:\/\/centresocial-horizon.fr\/index.php?rest_route=%2Fwp%2Fv2%2Fcomments&post=61"}],"version-history":[{"count":17,"href":"https:\/\/centresocial-horizon.fr\/index.php?rest_route=\/wp\/v2\/pages\/61\/revisions"}],"predecessor-version":[{"id":7246,"href":"https:\/\/centresocial-horizon.fr\/index.php?rest_route=\/wp\/v2\/pages\/61\/revisions\/7246"}],"wp:attachment":[{"href":"https:\/\/centresocial-horizon.fr\/index.php?rest_route=%2Fwp%2Fv2%2Fmedia&parent=61"}],"curies":[{"name":"wp","href":"https:\/\/api.w.org\/{rel}","templated":true}]}}