{"id":4916,"date":"2022-03-24T12:12:51","date_gmt":"2022-03-24T11:12:51","guid":{"rendered":"https:\/\/centresocial-horizon.fr\/?page_id=4916"},"modified":"2025-07-18T10:51:54","modified_gmt":"2025-07-18T08:51:54","slug":"evasion-lecture-3","status":"publish","type":"page","link":"https:\/\/centresocial-horizon.fr\/?page_id=4916","title":{"rendered":"\u00c9vasion Lecture"},"content":{"rendered":"\n<p class=\"has-text-align-center\"><strong> \u00c9vasion lecture 2025\/2026<\/strong><\/p>\n\n\n\n<p>A l\u2019initiative de b\u00e9n\u00e9voles du relais lecture Tire Lire, nous proposons une nouvelle activit\u00e9&nbsp;:<\/p>\n\n\n\n<p><strong>\u00c9vasion lecture<\/strong><\/p>\n\n\n\n<p>Petits ou grands lecteurs, jeunes ou moins jeunes, adeptes de policiers ou de romances\u2026 ce groupe est pour vous&nbsp;! Nous proposons des temps de rencontres, de partages sur le th\u00e8me de la lecture.<\/p>\n\n\n\n<p><strong>Et en pratique&nbsp;: comment \u00e7a fonctionne&nbsp;?<\/strong><\/p>\n\n\n\n<p>Venez pr\u00e9senter un livre, un.e auteur.e, une revue, une bande dessin\u00e9e, un style de livre que vous appr\u00e9ciez. La pr\u00e9sentation sera br\u00e8ve, et mettra en lumi\u00e8re ce que vous aimez. L\u2019id\u00e9e c\u2019est d\u2019ouvrir de nouveaux horizons de lecture pour soi et pour les autres.<\/p>\n\n\n\n<p><strong>Et \u00e7a se passe quand&nbsp;?<\/strong><\/p>\n\n\n\n<p>Une fois par mois.<\/p>\n\n\n\n<p>A 14h30, les lundis&nbsp;:<\/p>\n\n\n\n<figure class=\"wp-block-image size-full\"><a href=\"https:\/\/centresocial-horizon.fr\/wp-content\/uploads\/2025\/07\/Evasion-lecture-2025-2026.png\"><img loading=\"lazy\" decoding=\"async\" width=\"1414\" height=\"2000\" src=\"https:\/\/centresocial-horizon.fr\/wp-content\/uploads\/2025\/07\/Evasion-lecture-2025-2026.png\" alt=\"\" class=\"wp-image-7131\" srcset=\"https:\/\/centresocial-horizon.fr\/wp-content\/uploads\/2025\/07\/Evasion-lecture-2025-2026.png 1414w, https:\/\/centresocial-horizon.fr\/wp-content\/uploads\/2025\/07\/Evasion-lecture-2025-2026-212x300.png 212w, https:\/\/centresocial-horizon.fr\/wp-content\/uploads\/2025\/07\/Evasion-lecture-2025-2026-724x1024.png 724w, https:\/\/centresocial-horizon.fr\/wp-content\/uploads\/2025\/07\/Evasion-lecture-2025-2026-768x1086.png 768w, https:\/\/centresocial-horizon.fr\/wp-content\/uploads\/2025\/07\/Evasion-lecture-2025-2026-600x849.png 600w, https:\/\/centresocial-horizon.fr\/wp-content\/uploads\/2025\/07\/Evasion-lecture-2025-2026-1086x1536.png 1086w\" sizes=\"auto, (max-width: 1414px) 100vw, 1414px\" \/><\/a><\/figure>\n\n\n\n<p class=\"has-text-align-center\"><strong>Rappel des horaires du relais lecture&nbsp;:<\/strong><\/p>\n\n\n\n<p class=\"has-text-align-center\">Mardi et jeudi&nbsp;: de 16h00 \u00e0 18h00<\/p>\n\n\n\n<p class=\"has-text-align-center\">Mercredi&nbsp;: de 10h00 \u00e0 12h00<\/p>\n","protected":false},"excerpt":{"rendered":"<p>\u00c9vasion lecture 2025\/2026 A l\u2019initiative de b\u00e9n\u00e9voles du relais lecture Tire Lire, nous proposons une nouvelle activit\u00e9&nbsp;: \u00c9vasion lecture Petits ou grands lecteurs, jeunes ou moins jeunes, adeptes de policiers ou de romances\u2026 ce&#46;&#46;&#46;<\/p>\n","protected":false},"author":17,"featured_media":0,"parent":0,"menu_order":0,"comment_status":"closed","ping_status":"closed","template":"","meta":{"footnotes":""},"class_list":["post-4916","page","type-page","status-publish","hentry"],"_links":{"self":[{"href":"https:\/\/centresocial-horizon.fr\/index.php?rest_route=\/wp\/v2\/pages\/4916","targetHints":{"allow":["GET"]}}],"collection":[{"href":"https:\/\/centresocial-horizon.fr\/index.php?rest_route=\/wp\/v2\/pages"}],"about":[{"href":"https:\/\/centresocial-horizon.fr\/index.php?rest_route=\/wp\/v2\/types\/page"}],"author":[{"embeddable":true,"href":"https:\/\/centresocial-horizon.fr\/index.php?rest_route=\/wp\/v2\/users\/17"}],"replies":[{"embeddable":true,"href":"https:\/\/centresocial-horizon.fr\/index.php?rest_route=%2Fwp%2Fv2%2Fcomments&post=4916"}],"version-history":[{"count":14,"href":"https:\/\/centresocial-horizon.fr\/index.php?rest_route=\/wp\/v2\/pages\/4916\/revisions"}],"predecessor-version":[{"id":7133,"href":"https:\/\/centresocial-horizon.fr\/index.php?rest_route=\/wp\/v2\/pages\/4916\/revisions\/7133"}],"wp:attachment":[{"href":"https:\/\/centresocial-horizon.fr\/index.php?rest_route=%2Fwp%2Fv2%2Fmedia&parent=4916"}],"curies":[{"name":"wp","href":"https:\/\/api.w.org\/{rel}","templated":true}]}}