{"id":4908,"date":"2022-03-24T11:53:20","date_gmt":"2022-03-24T10:53:20","guid":{"rendered":"https:\/\/centresocial-horizon.fr\/?page_id=4908"},"modified":"2024-05-17T12:11:56","modified_gmt":"2024-05-17T10:11:56","slug":"livre-coup-de-coeur-du-mois-tire-lire","status":"publish","type":"page","link":"https:\/\/centresocial-horizon.fr\/?page_id=4908","title":{"rendered":"Livre coup de c\u0153ur du mois &#8211; Tire-Lire !"},"content":{"rendered":"<div class=\"wp-block-image\">\n<figure class=\"aligncenter size-full\"><a href=\"https:\/\/centresocial-horizon.fr\/wp-content\/uploads\/2024\/05\/9782253087694_1_75.jpg\"><img loading=\"lazy\" decoding=\"async\" width=\"345\" height=\"556\" src=\"https:\/\/centresocial-horizon.fr\/wp-content\/uploads\/2024\/05\/9782253087694_1_75.jpg\" alt=\"\" class=\"wp-image-6138\" srcset=\"https:\/\/centresocial-horizon.fr\/wp-content\/uploads\/2024\/05\/9782253087694_1_75.jpg 345w, https:\/\/centresocial-horizon.fr\/wp-content\/uploads\/2024\/05\/9782253087694_1_75-186x300.jpg 186w\" sizes=\"auto, (max-width: 345px) 100vw, 345px\" \/><\/a><\/figure>\n<\/div>\n\n\n<p>De nouveaux livres sont arriv\u00e9s \u00e0 Tire-Lire, et parmi les romans disponibles on trouve celui de l\u2019auteur Baptiste BEAULIEU !<\/p>\n\n\n\n<p>Baptiste BEAULIEU \u00ab Alors vous ne serez plus jamais triste \u00bb<\/p>\n\n\n\n<p>Le docteur n\u2019a plus go\u00fbt \u00e0 la vie ni \u00e0 son travail, depuis que sa femme est partie. Le jour qu\u2019il a choisi pour mettre fin \u00e0 ses jours, pourtant, une vieille dame farfelue au volant d\u2019un taxi le convainc de lui donner 7 jours pour dire au revoir au monde comme il se doit.<\/p>\n\n\n\n<p>7 jours inattendus, 7 jours fous qui vont tout changer.<\/p>\n\n\n\n<p>Dans ce roman sous forme de compte \u00e0 rebours, Baptiste Beaulieu nous embarque avec ses personnages dans une aventure endiabl\u00e9e et sans temps mort qui c\u00e9l\u00e8bre la vie malgr\u00e9 les deuils, malgr\u00e9 les souffrances. Malgr\u00e9 tout.<\/p>\n\n\n\n<p><br><\/p>\n","protected":false},"excerpt":{"rendered":"<p>De nouveaux livres sont arriv\u00e9s \u00e0 Tire-Lire, et parmi les romans disponibles on trouve celui de l\u2019auteur Baptiste BEAULIEU ! Baptiste BEAULIEU \u00ab Alors vous ne serez plus jamais triste \u00bb Le docteur n\u2019a&#46;&#46;&#46;<\/p>\n","protected":false},"author":17,"featured_media":0,"parent":0,"menu_order":0,"comment_status":"closed","ping_status":"closed","template":"","meta":{"footnotes":""},"class_list":["post-4908","page","type-page","status-publish","hentry"],"_links":{"self":[{"href":"https:\/\/centresocial-horizon.fr\/index.php?rest_route=\/wp\/v2\/pages\/4908","targetHints":{"allow":["GET"]}}],"collection":[{"href":"https:\/\/centresocial-horizon.fr\/index.php?rest_route=\/wp\/v2\/pages"}],"about":[{"href":"https:\/\/centresocial-horizon.fr\/index.php?rest_route=\/wp\/v2\/types\/page"}],"author":[{"embeddable":true,"href":"https:\/\/centresocial-horizon.fr\/index.php?rest_route=\/wp\/v2\/users\/17"}],"replies":[{"embeddable":true,"href":"https:\/\/centresocial-horizon.fr\/index.php?rest_route=%2Fwp%2Fv2%2Fcomments&post=4908"}],"version-history":[{"count":5,"href":"https:\/\/centresocial-horizon.fr\/index.php?rest_route=\/wp\/v2\/pages\/4908\/revisions"}],"predecessor-version":[{"id":6139,"href":"https:\/\/centresocial-horizon.fr\/index.php?rest_route=\/wp\/v2\/pages\/4908\/revisions\/6139"}],"wp:attachment":[{"href":"https:\/\/centresocial-horizon.fr\/index.php?rest_route=%2Fwp%2Fv2%2Fmedia&parent=4908"}],"curies":[{"name":"wp","href":"https:\/\/api.w.org\/{rel}","templated":true}]}}