{"id":456,"date":"2011-04-15T10:17:22","date_gmt":"2011-04-15T09:17:22","guid":{"rendered":"http:\/\/centresocial-horizon.fr\/?page_id=456"},"modified":"2024-07-01T10:39:38","modified_gmt":"2024-07-01T08:39:38","slug":"les-associations-adherentes","status":"publish","type":"page","link":"https:\/\/centresocial-horizon.fr\/?page_id=456","title":{"rendered":"Les associations adh\u00e9rentes"},"content":{"rendered":"<p><span style=\"color: #0000ff;\"><strong>23 associations sont adh\u00e9rentes au Centre Social Horizon.<\/strong> Ce dernier met \u00e0\u00a0 disposition des associations des salles pour des activit\u00e9s, des r\u00e9unions, ou bien une adresse postale pour leur domiciliation.<\/span><\/p>\n<p><span style=\"color: #ff0000;\">Depuis 2019, le Centre Social est labellis\u00e9 PLAIA (Point Local d&rsquo;Accueil et d&rsquo;Information des Associations). A ce titre nous pouvons accompagner les associations dans leurs projets.<\/span><\/p>\n<p><span style=\"color: #0000ff;\">Voici la liste des associations adh\u00e9rentes :<\/span><\/p>\n<ul>\n<li><span style=\"color: #0000ff;\">Mouvement et respiration pour la sant\u00e9 (Qi Gonq, relaxation)<\/span><\/li>\n<li><span style=\"color: #0000ff;\">Les amis de la sant\u00e9 (aide et soutien aux malades alcooliques et \u00e0 leur entourage)<\/span><\/li>\n<li><span style=\"color: #0000ff;\">Madish&rsquo;cho (danses de salon)<\/span><\/li>\n<li><span style=\"color: #0000ff;\">Fi&rsquo;sel<\/span><\/li>\n<li><span style=\"color: #0000ff;\">Association \u00ab\u00a0Voir \u00e0 deux\u00a0\u00bb (Chiens guide d&rsquo;aveugles)<\/span><\/li>\n<li><span style=\"color: #0000ff;\">Questions pour un champion (rencontre autour du jeu)<\/span><\/li>\n<li><span style=\"color: #0000ff;\">ADAPEI 49 (Association D\u00e9partementale des Amis et des Parents d&rsquo;Enfants Inadapt\u00e9s)<\/span><\/li>\n<li><span style=\"color: #0000ff;\">AAFP (aide \u00e0 domicile, soutien familial)<\/span><\/li>\n<li><span style=\"color: #0000ff;\">Amnesty International<\/span><\/li>\n<li><span style=\"color: #0000ff;\">Notes en sol (chorale)<\/span><\/li>\n<li><span style=\"color: #0000ff;\">Association culturelle et sociale Hmong Cholet\/Vend\u00e9e<\/span><\/li>\n<li><span style=\"color: #0000ff;\">Vacances et familles 49 (aide au d\u00e9part en vacances des familles)<\/span><\/li>\n<li><span style=\"color: #0000ff;\">Cholet Marche Nordique<\/span><\/li>\n<li><span style=\"color: #0000ff;\">Ginga Nago (capoeira)<\/span><\/li>\n<li><span style=\"color: #0000ff;\">Mouvement Vie Libre Saumur<br \/>\n<\/span><\/li>\n<li><span style=\"color: #0000ff;\">Association de jumelage Cholet\/Sollihul<\/span><\/li>\n<li><span style=\"color: #0000ff;\">Association la Ressource (Repair Caf\u00e9)<\/span><\/li>\n<li><span style=\"color: #0000ff;\">Association de jumelage France Allemagne<\/span><\/li>\n<li><span style=\"color: #0000ff;\">GEM soleil<\/span><\/li>\n<li><span style=\"color: #0000ff;\">Association APF France Handicap<\/span><\/li>\n<li><span style=\"color: #0000ff;\">Sant\u00e9 Services Choletais<\/span><\/li>\n<li><span style=\"color: #0000ff;\">Artisans du monde<\/span><\/li>\n<\/ul>\n<p><span style=\"color: #ff6600;\">1 collectif d&rsquo;habitants est \u00e9galement en partenariat avec le Centre Social :\u00a0<\/span><\/p>\n<ul>\n<li><span style=\"color: #ff6600;\">Les incroyables comestibles (jardins partag\u00e9s, bo\u00eete \u00e0 livres&#8230;)<\/span><\/li>\n<\/ul>\n","protected":false},"excerpt":{"rendered":"<p>23 associations sont adh\u00e9rentes au Centre Social Horizon. Ce dernier met \u00e0\u00a0 disposition des associations des salles pour des activit\u00e9s, des r\u00e9unions, ou bien une adresse postale pour leur domiciliation. Depuis 2019, le Centre&#46;&#46;&#46;<\/p>\n","protected":false},"author":11,"featured_media":0,"parent":236,"menu_order":0,"comment_status":"open","ping_status":"open","template":"","meta":{"footnotes":""},"class_list":["post-456","page","type-page","status-publish","hentry"],"_links":{"self":[{"href":"https:\/\/centresocial-horizon.fr\/index.php?rest_route=\/wp\/v2\/pages\/456","targetHints":{"allow":["GET"]}}],"collection":[{"href":"https:\/\/centresocial-horizon.fr\/index.php?rest_route=\/wp\/v2\/pages"}],"about":[{"href":"https:\/\/centresocial-horizon.fr\/index.php?rest_route=\/wp\/v2\/types\/page"}],"author":[{"embeddable":true,"href":"https:\/\/centresocial-horizon.fr\/index.php?rest_route=\/wp\/v2\/users\/11"}],"replies":[{"embeddable":true,"href":"https:\/\/centresocial-horizon.fr\/index.php?rest_route=%2Fwp%2Fv2%2Fcomments&post=456"}],"version-history":[{"count":12,"href":"https:\/\/centresocial-horizon.fr\/index.php?rest_route=\/wp\/v2\/pages\/456\/revisions"}],"predecessor-version":[{"id":7199,"href":"https:\/\/centresocial-horizon.fr\/index.php?rest_route=\/wp\/v2\/pages\/456\/revisions\/7199"}],"up":[{"embeddable":true,"href":"https:\/\/centresocial-horizon.fr\/index.php?rest_route=\/wp\/v2\/pages\/236"}],"wp:attachment":[{"href":"https:\/\/centresocial-horizon.fr\/index.php?rest_route=%2Fwp%2Fv2%2Fmedia&parent=456"}],"curies":[{"name":"wp","href":"https:\/\/api.w.org\/{rel}","templated":true}]}}