{"id":4366,"date":"2021-07-01T09:52:37","date_gmt":"2021-07-01T07:52:37","guid":{"rendered":"http:\/\/centresocial-horizon.fr\/?page_id=4366"},"modified":"2021-07-01T09:56:16","modified_gmt":"2021-07-01T07:56:16","slug":"maman-en-pause-2","status":"publish","type":"page","link":"https:\/\/centresocial-horizon.fr\/?page_id=4366","title":{"rendered":"Maman en pause"},"content":{"rendered":"\n<figure class=\"wp-block-image size-large\"><a href=\"https:\/\/centresocial-horizon.fr\/wp-content\/uploads\/2021\/07\/Visuel-Maman-en-pause.jpg\"><img loading=\"lazy\" decoding=\"async\" width=\"724\" height=\"1024\" src=\"https:\/\/centresocial-horizon.fr\/wp-content\/uploads\/2021\/07\/Visuel-Maman-en-pause-724x1024.jpg\" alt=\"\" class=\"wp-image-4373\" srcset=\"https:\/\/centresocial-horizon.fr\/wp-content\/uploads\/2021\/07\/Visuel-Maman-en-pause-724x1024.jpg 724w, https:\/\/centresocial-horizon.fr\/wp-content\/uploads\/2021\/07\/Visuel-Maman-en-pause-212x300.jpg 212w, https:\/\/centresocial-horizon.fr\/wp-content\/uploads\/2021\/07\/Visuel-Maman-en-pause-768x1086.jpg 768w, https:\/\/centresocial-horizon.fr\/wp-content\/uploads\/2021\/07\/Visuel-Maman-en-pause-600x849.jpg 600w, https:\/\/centresocial-horizon.fr\/wp-content\/uploads\/2021\/07\/Visuel-Maman-en-pause-1086x1536.jpg 1086w, https:\/\/centresocial-horizon.fr\/wp-content\/uploads\/2021\/07\/Visuel-Maman-en-pause.jpg 1414w\" sizes=\"auto, (max-width: 724px) 100vw, 724px\" \/><\/a><\/figure>\n\n\n\n<p>Prendre le temps d&rsquo;une activit\u00e9 pour soi, pas facile quand on est une maman&#8230;<\/p>\n\n\n\n<p>Je vous propose une nouveaut\u00e9 : Maman en pause !<\/p>\n\n\n\n<p>Il s&rsquo;agit de moments de rencontre et de d\u00e9tente, entre mamans, pendant les temps scolaires des enfants.<\/p>\n\n\n\n<p>Des rendez-vous que nous organiserons ensemble, selon vos attentes : balade-marche nature, s\u00e9ance de yoga, moment calme autour d&rsquo;un caf\u00e9 au Centre Social&#8230;<\/p>\n\n\n\n<p>Qu&rsquo;en dites-vous ?<\/p>\n\n\n\n<p>Si vous \u00eates int\u00e9ress\u00e9e, contactez-moi !<\/p>\n\n\n\n<p> H\u00e9l\u00e8ne MIRANDA, R\u00e9f\u00e9rente famille<\/p>\n\n\n\n<p><\/p>\n","protected":false},"excerpt":{"rendered":"<p>Prendre le temps d&rsquo;une activit\u00e9 pour soi, pas facile quand on est une maman&#8230; Je vous propose une nouveaut\u00e9 : Maman en pause ! Il s&rsquo;agit de moments de rencontre et de d\u00e9tente, entre&#46;&#46;&#46;<\/p>\n","protected":false},"author":17,"featured_media":0,"parent":0,"menu_order":0,"comment_status":"closed","ping_status":"closed","template":"","meta":{"footnotes":""},"class_list":["post-4366","page","type-page","status-publish","hentry"],"_links":{"self":[{"href":"https:\/\/centresocial-horizon.fr\/index.php?rest_route=\/wp\/v2\/pages\/4366","targetHints":{"allow":["GET"]}}],"collection":[{"href":"https:\/\/centresocial-horizon.fr\/index.php?rest_route=\/wp\/v2\/pages"}],"about":[{"href":"https:\/\/centresocial-horizon.fr\/index.php?rest_route=\/wp\/v2\/types\/page"}],"author":[{"embeddable":true,"href":"https:\/\/centresocial-horizon.fr\/index.php?rest_route=\/wp\/v2\/users\/17"}],"replies":[{"embeddable":true,"href":"https:\/\/centresocial-horizon.fr\/index.php?rest_route=%2Fwp%2Fv2%2Fcomments&post=4366"}],"version-history":[{"count":6,"href":"https:\/\/centresocial-horizon.fr\/index.php?rest_route=\/wp\/v2\/pages\/4366\/revisions"}],"predecessor-version":[{"id":4380,"href":"https:\/\/centresocial-horizon.fr\/index.php?rest_route=\/wp\/v2\/pages\/4366\/revisions\/4380"}],"wp:attachment":[{"href":"https:\/\/centresocial-horizon.fr\/index.php?rest_route=%2Fwp%2Fv2%2Fmedia&parent=4366"}],"curies":[{"name":"wp","href":"https:\/\/api.w.org\/{rel}","templated":true}]}}