{"id":4116,"date":"2021-03-26T10:39:27","date_gmt":"2021-03-26T09:39:27","guid":{"rendered":"http:\/\/centresocial-horizon.fr\/?page_id=4116"},"modified":"2024-01-03T12:13:03","modified_gmt":"2024-01-03T11:13:03","slug":"accueil","status":"publish","type":"page","link":"https:\/\/centresocial-horizon.fr\/?page_id=4116","title":{"rendered":"Accueil"},"content":{"rendered":"\n<figure class=\"wp-block-image size-full\"><a href=\"https:\/\/centresocial-horizon.fr\/wp-content\/uploads\/2021\/07\/logo-petit.gif\"><img loading=\"lazy\" decoding=\"async\" width=\"114\" height=\"61\" src=\"https:\/\/centresocial-horizon.fr\/wp-content\/uploads\/2021\/07\/logo-petit.gif\" alt=\"\" class=\"wp-image-4434\"\/><\/a><\/figure>\n\n\n\n<p>Lundi : de 14h00 \u00e0 18h00<\/p>\n\n\n\n<p>Mardi et Jeudi : De 9h00 \u00e0 12h30 et de 14h00 \u00e0 18h00<\/p>\n\n\n\n<p>Mercredi et Vendredi : De 9h00 \u00e0 12h30 et de 14h \u00e0 17h00<\/p>\n\n\n\n<p><\/p>\n\n\n\n<p>4 All\u00e9e des Aigles<\/p>\n\n\n\n<p>49300 Cholet<\/p>\n\n\n\n<p>02.41.65.13.88<\/p>\n\n\n\n<p><strong>Pour nous joindre par mail :  accueil@centresocial-horizon.fr<\/strong><\/p>\n","protected":false},"excerpt":{"rendered":"<p>Lundi : de 14h00 \u00e0 18h00 Mardi et Jeudi : De 9h00 \u00e0 12h30 et de 14h00 \u00e0 18h00 Mercredi et Vendredi : De 9h00 \u00e0 12h30 et de 14h \u00e0 17h00 4 All\u00e9e&#46;&#46;&#46;<\/p>\n","protected":false},"author":17,"featured_media":0,"parent":0,"menu_order":0,"comment_status":"closed","ping_status":"closed","template":"","meta":{"footnotes":""},"class_list":["post-4116","page","type-page","status-publish","hentry"],"_links":{"self":[{"href":"https:\/\/centresocial-horizon.fr\/index.php?rest_route=\/wp\/v2\/pages\/4116","targetHints":{"allow":["GET"]}}],"collection":[{"href":"https:\/\/centresocial-horizon.fr\/index.php?rest_route=\/wp\/v2\/pages"}],"about":[{"href":"https:\/\/centresocial-horizon.fr\/index.php?rest_route=\/wp\/v2\/types\/page"}],"author":[{"embeddable":true,"href":"https:\/\/centresocial-horizon.fr\/index.php?rest_route=\/wp\/v2\/users\/17"}],"replies":[{"embeddable":true,"href":"https:\/\/centresocial-horizon.fr\/index.php?rest_route=%2Fwp%2Fv2%2Fcomments&post=4116"}],"version-history":[{"count":7,"href":"https:\/\/centresocial-horizon.fr\/index.php?rest_route=\/wp\/v2\/pages\/4116\/revisions"}],"predecessor-version":[{"id":5856,"href":"https:\/\/centresocial-horizon.fr\/index.php?rest_route=\/wp\/v2\/pages\/4116\/revisions\/5856"}],"wp:attachment":[{"href":"https:\/\/centresocial-horizon.fr\/index.php?rest_route=%2Fwp%2Fv2%2Fmedia&parent=4116"}],"curies":[{"name":"wp","href":"https:\/\/api.w.org\/{rel}","templated":true}]}}