{"id":339,"date":"2011-03-21T11:48:35","date_gmt":"2011-03-21T10:48:35","guid":{"rendered":"http:\/\/centresocial-horizon.fr\/?page_id=339"},"modified":"2025-09-10T12:11:49","modified_gmt":"2025-09-10T10:11:49","slug":"accompagnement-a-la-scolarite","status":"publish","type":"page","link":"https:\/\/centresocial-horizon.fr\/?page_id=339","title":{"rendered":"Accompagnement \u00e0 la scolarit\u00e9 coll\u00e8ge"},"content":{"rendered":"\n<h5 class=\"wp-block-heading\"><span style=\"color: #0000ff;\">&nbsp;Le secteur jeunesse propose un accompagnement \u00e0 la scolarit\u00e9 pour les coll\u00e9giens le mardi et le jeudi de 17h \u00e0 18h30 encadr\u00e9 par des b\u00e9n\u00e9voles et des salari\u00e9s du Centre Social.<\/span><\/h5>\n\n\n\n<h1 class=\"wp-block-heading\"><span style=\"color: #ff0000;\">Reprise de l&rsquo;accompagnement scolaire coll\u00e8ge&nbsp;<\/span><\/h1>\n\n\n\n<h1 class=\"wp-block-heading\"><span style=\"color: #ff0000;\">le jeudi 02 octobre 2025<\/span><\/h1>\n\n\n\n<h5 class=\"wp-block-heading\"><span style=\"color: #0000ff;\">Sur ces s\u00e9ances, l&rsquo;utilisation de notre Point Relais Lecture<\/span><span style=\"color: #0000ff;\">&nbsp;\u00ab\u00a0Tire-Lire\u00a0\u00bb est possible.<\/span><\/h5>\n\n\n\n<h5 class=\"wp-block-heading\"><span style=\"color: #0000ff;\">Nous recherchons toujours des b\u00e9n\u00e9voles pour l&rsquo;encadrement de cette activit\u00e9, n&rsquo;h\u00e9sitez pas \u00e0 contacter la directrice ou l&rsquo;\u00e9quipe jeunesse.<\/span><\/h5>\n\n\n\n<figure class=\"wp-block-image size-large\"><a href=\"https:\/\/centresocial-horizon.fr\/wp-content\/uploads\/2024\/05\/IMG_6034-scaled.jpg\"><img loading=\"lazy\" decoding=\"async\" width=\"1024\" height=\"768\" src=\"https:\/\/centresocial-horizon.fr\/wp-content\/uploads\/2024\/05\/IMG_6034-1024x768.jpg\" alt=\"\" class=\"wp-image-6169\" srcset=\"https:\/\/centresocial-horizon.fr\/wp-content\/uploads\/2024\/05\/IMG_6034-1024x768.jpg 1024w, https:\/\/centresocial-horizon.fr\/wp-content\/uploads\/2024\/05\/IMG_6034-300x225.jpg 300w, https:\/\/centresocial-horizon.fr\/wp-content\/uploads\/2024\/05\/IMG_6034-768x576.jpg 768w, https:\/\/centresocial-horizon.fr\/wp-content\/uploads\/2024\/05\/IMG_6034-600x450.jpg 600w, https:\/\/centresocial-horizon.fr\/wp-content\/uploads\/2024\/05\/IMG_6034-1536x1152.jpg 1536w, https:\/\/centresocial-horizon.fr\/wp-content\/uploads\/2024\/05\/IMG_6034-2048x1536.jpg 2048w\" sizes=\"auto, (max-width: 1024px) 100vw, 1024px\" \/><\/a><\/figure>\n\n\n\n<figure class=\"wp-block-image size-large\"><a href=\"https:\/\/centresocial-horizon.fr\/wp-content\/uploads\/2024\/05\/IMG_6035-1-scaled.jpg\"><img loading=\"lazy\" decoding=\"async\" width=\"1024\" height=\"768\" src=\"https:\/\/centresocial-horizon.fr\/wp-content\/uploads\/2024\/05\/IMG_6035-1-1024x768.jpg\" alt=\"\" class=\"wp-image-6168\" srcset=\"https:\/\/centresocial-horizon.fr\/wp-content\/uploads\/2024\/05\/IMG_6035-1-1024x768.jpg 1024w, https:\/\/centresocial-horizon.fr\/wp-content\/uploads\/2024\/05\/IMG_6035-1-300x225.jpg 300w, https:\/\/centresocial-horizon.fr\/wp-content\/uploads\/2024\/05\/IMG_6035-1-768x576.jpg 768w, https:\/\/centresocial-horizon.fr\/wp-content\/uploads\/2024\/05\/IMG_6035-1-600x450.jpg 600w, https:\/\/centresocial-horizon.fr\/wp-content\/uploads\/2024\/05\/IMG_6035-1-1536x1152.jpg 1536w, https:\/\/centresocial-horizon.fr\/wp-content\/uploads\/2024\/05\/IMG_6035-1-2048x1536.jpg 2048w\" sizes=\"auto, (max-width: 1024px) 100vw, 1024px\" \/><\/a><\/figure>\n","protected":false},"excerpt":{"rendered":"<p>&nbsp;Le secteur jeunesse propose un accompagnement \u00e0 la scolarit\u00e9 pour les coll\u00e9giens le mardi et le jeudi de 17h \u00e0 18h30 encadr\u00e9 par des b\u00e9n\u00e9voles et des salari\u00e9s du Centre Social. Reprise de l&rsquo;accompagnement&#46;&#46;&#46;<\/p>\n","protected":false},"author":11,"featured_media":0,"parent":162,"menu_order":0,"comment_status":"open","ping_status":"open","template":"","meta":{"footnotes":""},"class_list":["post-339","page","type-page","status-publish","hentry"],"_links":{"self":[{"href":"https:\/\/centresocial-horizon.fr\/index.php?rest_route=\/wp\/v2\/pages\/339","targetHints":{"allow":["GET"]}}],"collection":[{"href":"https:\/\/centresocial-horizon.fr\/index.php?rest_route=\/wp\/v2\/pages"}],"about":[{"href":"https:\/\/centresocial-horizon.fr\/index.php?rest_route=\/wp\/v2\/types\/page"}],"author":[{"embeddable":true,"href":"https:\/\/centresocial-horizon.fr\/index.php?rest_route=\/wp\/v2\/users\/11"}],"replies":[{"embeddable":true,"href":"https:\/\/centresocial-horizon.fr\/index.php?rest_route=%2Fwp%2Fv2%2Fcomments&post=339"}],"version-history":[{"count":22,"href":"https:\/\/centresocial-horizon.fr\/index.php?rest_route=\/wp\/v2\/pages\/339\/revisions"}],"predecessor-version":[{"id":7231,"href":"https:\/\/centresocial-horizon.fr\/index.php?rest_route=\/wp\/v2\/pages\/339\/revisions\/7231"}],"up":[{"embeddable":true,"href":"https:\/\/centresocial-horizon.fr\/index.php?rest_route=\/wp\/v2\/pages\/162"}],"wp:attachment":[{"href":"https:\/\/centresocial-horizon.fr\/index.php?rest_route=%2Fwp%2Fv2%2Fmedia&parent=339"}],"curies":[{"name":"wp","href":"https:\/\/api.w.org\/{rel}","templated":true}]}}