{"id":3197,"date":"2019-05-21T10:19:33","date_gmt":"2019-05-21T08:19:33","guid":{"rendered":"http:\/\/centresocial-horizon.fr\/?page_id=3197"},"modified":"2026-01-22T09:25:40","modified_gmt":"2026-01-22T08:25:40","slug":"les-sejours-ete-2019","status":"publish","type":"page","link":"https:\/\/centresocial-horizon.fr\/?page_id=3197","title":{"rendered":"Le s\u00e9jour \u00e9t\u00e9 2026 :"},"content":{"rendered":"\n<p class=\"has-text-align-center has-luminous-vivid-amber-background-color has-background\"><strong>\u00c9T\u00c9 20<\/strong>26<\/p>\n\n\n\n<p>S\u00e9jour \u00e0 Barcelone ! Du 03 au 12 juillet 2026.<\/p>\n\n\n\n<figure class=\"wp-block-image size-large\"><a href=\"https:\/\/centresocial-horizon.fr\/wp-content\/uploads\/2026\/01\/3311386-scaled.jpg\"><img loading=\"lazy\" decoding=\"async\" width=\"1024\" height=\"683\" src=\"https:\/\/centresocial-horizon.fr\/wp-content\/uploads\/2026\/01\/3311386-1024x683.jpg\" alt=\"\" class=\"wp-image-7582\" srcset=\"https:\/\/centresocial-horizon.fr\/wp-content\/uploads\/2026\/01\/3311386-1024x683.jpg 1024w, https:\/\/centresocial-horizon.fr\/wp-content\/uploads\/2026\/01\/3311386-300x200.jpg 300w, https:\/\/centresocial-horizon.fr\/wp-content\/uploads\/2026\/01\/3311386-768x512.jpg 768w, https:\/\/centresocial-horizon.fr\/wp-content\/uploads\/2026\/01\/3311386-600x400.jpg 600w, https:\/\/centresocial-horizon.fr\/wp-content\/uploads\/2026\/01\/3311386-1536x1024.jpg 1536w, https:\/\/centresocial-horizon.fr\/wp-content\/uploads\/2026\/01\/3311386-2048x1365.jpg 2048w\" sizes=\"auto, (max-width: 1024px) 100vw, 1024px\" \/><\/a><\/figure>\n\n\n\n<p><\/p>\n\n\n\n<figure class=\"wp-block-image size-large\"><a href=\"https:\/\/centresocial-horizon.fr\/wp-content\/uploads\/2026\/01\/black-pink-floral-concrete-building-scaled.jpg\"><img loading=\"lazy\" decoding=\"async\" width=\"683\" height=\"1024\" src=\"https:\/\/centresocial-horizon.fr\/wp-content\/uploads\/2026\/01\/black-pink-floral-concrete-building-683x1024.jpg\" alt=\"\" class=\"wp-image-7583\" srcset=\"https:\/\/centresocial-horizon.fr\/wp-content\/uploads\/2026\/01\/black-pink-floral-concrete-building-683x1024.jpg 683w, https:\/\/centresocial-horizon.fr\/wp-content\/uploads\/2026\/01\/black-pink-floral-concrete-building-200x300.jpg 200w, https:\/\/centresocial-horizon.fr\/wp-content\/uploads\/2026\/01\/black-pink-floral-concrete-building-768x1152.jpg 768w, https:\/\/centresocial-horizon.fr\/wp-content\/uploads\/2026\/01\/black-pink-floral-concrete-building-600x900.jpg 600w, https:\/\/centresocial-horizon.fr\/wp-content\/uploads\/2026\/01\/black-pink-floral-concrete-building-1024x1536.jpg 1024w, https:\/\/centresocial-horizon.fr\/wp-content\/uploads\/2026\/01\/black-pink-floral-concrete-building-1365x2048.jpg 1365w, https:\/\/centresocial-horizon.fr\/wp-content\/uploads\/2026\/01\/black-pink-floral-concrete-building-scaled.jpg 1707w\" sizes=\"auto, (max-width: 683px) 100vw, 683px\" \/><\/a><\/figure>\n","protected":false},"excerpt":{"rendered":"<p>\u00c9T\u00c9 2026 S\u00e9jour \u00e0 Barcelone ! Du 03 au 12 juillet 2026.<\/p>\n","protected":false},"author":17,"featured_media":0,"parent":0,"menu_order":0,"comment_status":"closed","ping_status":"closed","template":"","meta":{"footnotes":""},"class_list":["post-3197","page","type-page","status-publish","hentry"],"_links":{"self":[{"href":"https:\/\/centresocial-horizon.fr\/index.php?rest_route=\/wp\/v2\/pages\/3197","targetHints":{"allow":["GET"]}}],"collection":[{"href":"https:\/\/centresocial-horizon.fr\/index.php?rest_route=\/wp\/v2\/pages"}],"about":[{"href":"https:\/\/centresocial-horizon.fr\/index.php?rest_route=\/wp\/v2\/types\/page"}],"author":[{"embeddable":true,"href":"https:\/\/centresocial-horizon.fr\/index.php?rest_route=\/wp\/v2\/users\/17"}],"replies":[{"embeddable":true,"href":"https:\/\/centresocial-horizon.fr\/index.php?rest_route=%2Fwp%2Fv2%2Fcomments&post=3197"}],"version-history":[{"count":30,"href":"https:\/\/centresocial-horizon.fr\/index.php?rest_route=\/wp\/v2\/pages\/3197\/revisions"}],"predecessor-version":[{"id":7584,"href":"https:\/\/centresocial-horizon.fr\/index.php?rest_route=\/wp\/v2\/pages\/3197\/revisions\/7584"}],"wp:attachment":[{"href":"https:\/\/centresocial-horizon.fr\/index.php?rest_route=%2Fwp%2Fv2%2Fmedia&parent=3197"}],"curies":[{"name":"wp","href":"https:\/\/api.w.org\/{rel}","templated":true}]}}