{"id":2646,"date":"2018-04-19T15:52:08","date_gmt":"2018-04-19T13:52:08","guid":{"rendered":"http:\/\/centresocial-horizon.fr\/?page_id=2646"},"modified":"2018-04-19T15:52:08","modified_gmt":"2018-04-19T13:52:08","slug":"commission-numerique","status":"publish","type":"page","link":"https:\/\/centresocial-horizon.fr\/?page_id=2646","title":{"rendered":"Commission Num\u00e9rique"},"content":{"rendered":"<p>Une nouvelle commission a \u00e9t\u00e9 cr\u00e9\u00e9e et s&rsquo;est fix\u00e9e pour objectifs 2 axes principaux<\/p>\n<ul>\n<li>Apporter des connaissances aux habitants<\/li>\n<li>Permettre \u00e0 tous d&rsquo;exp\u00e9rimenter les techniques li\u00e9es au num\u00e9rique<\/li>\n<\/ul>\n<p><a href=\"https:\/\/centresocial-horizon.fr\/wp-content\/uploads\/2018\/04\/Mission.jpg\"><img loading=\"lazy\" decoding=\"async\" class=\"aligncenter size-medium wp-image-2647\" src=\"https:\/\/centresocial-horizon.fr\/wp-content\/uploads\/2018\/04\/Mission-300x165.jpg\" alt=\"\" width=\"300\" height=\"165\" srcset=\"https:\/\/centresocial-horizon.fr\/wp-content\/uploads\/2018\/04\/Mission-300x165.jpg 300w, https:\/\/centresocial-horizon.fr\/wp-content\/uploads\/2018\/04\/Mission-768x422.jpg 768w, https:\/\/centresocial-horizon.fr\/wp-content\/uploads\/2018\/04\/Mission-1024x562.jpg 1024w, https:\/\/centresocial-horizon.fr\/wp-content\/uploads\/2018\/04\/Mission-600x329.jpg 600w, https:\/\/centresocial-horizon.fr\/wp-content\/uploads\/2018\/04\/Mission.jpg 1392w\" sizes=\"auto, (max-width: 300px) 100vw, 300px\" \/><\/a><\/p>\n","protected":false},"excerpt":{"rendered":"<p>Une nouvelle commission a \u00e9t\u00e9 cr\u00e9\u00e9e et s&rsquo;est fix\u00e9e pour objectifs 2 axes principaux Apporter des connaissances aux habitants Permettre \u00e0 tous d&rsquo;exp\u00e9rimenter les techniques li\u00e9es au num\u00e9rique<\/p>\n","protected":false},"author":11,"featured_media":0,"parent":0,"menu_order":0,"comment_status":"closed","ping_status":"closed","template":"","meta":{"footnotes":""},"class_list":["post-2646","page","type-page","status-publish","hentry"],"_links":{"self":[{"href":"https:\/\/centresocial-horizon.fr\/index.php?rest_route=\/wp\/v2\/pages\/2646","targetHints":{"allow":["GET"]}}],"collection":[{"href":"https:\/\/centresocial-horizon.fr\/index.php?rest_route=\/wp\/v2\/pages"}],"about":[{"href":"https:\/\/centresocial-horizon.fr\/index.php?rest_route=\/wp\/v2\/types\/page"}],"author":[{"embeddable":true,"href":"https:\/\/centresocial-horizon.fr\/index.php?rest_route=\/wp\/v2\/users\/11"}],"replies":[{"embeddable":true,"href":"https:\/\/centresocial-horizon.fr\/index.php?rest_route=%2Fwp%2Fv2%2Fcomments&post=2646"}],"version-history":[{"count":1,"href":"https:\/\/centresocial-horizon.fr\/index.php?rest_route=\/wp\/v2\/pages\/2646\/revisions"}],"predecessor-version":[{"id":2649,"href":"https:\/\/centresocial-horizon.fr\/index.php?rest_route=\/wp\/v2\/pages\/2646\/revisions\/2649"}],"wp:attachment":[{"href":"https:\/\/centresocial-horizon.fr\/index.php?rest_route=%2Fwp%2Fv2%2Fmedia&parent=2646"}],"curies":[{"name":"wp","href":"https:\/\/api.w.org\/{rel}","templated":true}]}}