{"id":2636,"date":"2018-04-19T13:31:15","date_gmt":"2018-04-19T11:31:15","guid":{"rendered":"http:\/\/centresocial-horizon.fr\/?page_id=2636"},"modified":"2026-03-05T09:42:54","modified_gmt":"2026-03-05T08:42:54","slug":"permanences-numeriques","status":"publish","type":"page","link":"https:\/\/centresocial-horizon.fr\/?page_id=2636","title":{"rendered":"Caf\u00e9 Particip&rsquo;Age + M\u00e9moire"},"content":{"rendered":"<h1>\u00a0<\/h1>\n<h2>Une fois tous les 15 jours, le jeudi de 14h00 \u00e0 16h00, Marion l&rsquo;animatrice seniors et les b\u00e9n\u00e9voles de la commission bien vieillir, vous donne rendez-vous pour vous proposer des jeux et des animations pour faire travailler votre m\u00e9moire, dans une ambiance conviviale.<\/h2>\n<h2>Inscriptions \u00e0 l&rsquo;accueil.<\/h2>\n<h1><strong>Programme d&rsquo;activit\u00e9s du Caf\u00e9 Particip&rsquo;Age <\/strong><strong>:<\/strong><\/h1>\n\n\n<p>Programme Printemps 2026 :<\/p>\n\n\n\n<div data-wp-interactive=\"core\/file\" class=\"wp-block-file\"><object data-wp-bind--hidden=\"!state.hasPdfPreview\" hidden class=\"wp-block-file__embed\" data=\"https:\/\/centresocial-horizon.fr\/wp-content\/uploads\/2026\/02\/Animation-seniors-printemps-2026.pdf\" type=\"application\/pdf\" style=\"width:100%;height:600px\" aria-label=\"Contenu embarqu\u00e9 Animation seniors printemps 2026.\"><\/object><a id=\"wp-block-file--media-68164aaa-c1de-4e23-9c24-a2c7b206d932\" href=\"https:\/\/centresocial-horizon.fr\/wp-content\/uploads\/2026\/02\/Animation-seniors-printemps-2026.pdf\">Animation seniors printemps 2026<\/a><a href=\"https:\/\/centresocial-horizon.fr\/wp-content\/uploads\/2026\/02\/Animation-seniors-printemps-2026.pdf\" class=\"wp-block-file__button wp-element-button\" download aria-describedby=\"wp-block-file--media-68164aaa-c1de-4e23-9c24-a2c7b206d932\">T\u00e9l\u00e9charger<\/a><\/div>\n\n\n\n<p>                                                    <\/p>\n\n\n\n<p><\/p>\n\n\n\n<figure class=\"wp-block-image size-large\"><a href=\"https:\/\/centresocial-horizon.fr\/wp-content\/uploads\/2025\/09\/Animation-seniors-automne-20256_page-0005.jpg\"><img loading=\"lazy\" decoding=\"async\" width=\"724\" height=\"1024\" src=\"https:\/\/centresocial-horizon.fr\/wp-content\/uploads\/2025\/09\/Animation-seniors-automne-20256_page-0005-724x1024.jpg\" alt=\"\" class=\"wp-image-7283\" srcset=\"https:\/\/centresocial-horizon.fr\/wp-content\/uploads\/2025\/09\/Animation-seniors-automne-20256_page-0005-724x1024.jpg 724w, https:\/\/centresocial-horizon.fr\/wp-content\/uploads\/2025\/09\/Animation-seniors-automne-20256_page-0005-212x300.jpg 212w, https:\/\/centresocial-horizon.fr\/wp-content\/uploads\/2025\/09\/Animation-seniors-automne-20256_page-0005-768x1086.jpg 768w, https:\/\/centresocial-horizon.fr\/wp-content\/uploads\/2025\/09\/Animation-seniors-automne-20256_page-0005-600x849.jpg 600w, https:\/\/centresocial-horizon.fr\/wp-content\/uploads\/2025\/09\/Animation-seniors-automne-20256_page-0005-1086x1536.jpg 1086w, https:\/\/centresocial-horizon.fr\/wp-content\/uploads\/2025\/09\/Animation-seniors-automne-20256_page-0005.jpg 1241w\" sizes=\"auto, (max-width: 724px) 100vw, 724px\" \/><\/a><\/figure>\n","protected":false},"excerpt":{"rendered":"<p>\u00a0 Une fois tous les 15 jours, le jeudi de 14h00 \u00e0 16h00, Marion l&rsquo;animatrice seniors et les b\u00e9n\u00e9voles de la commission bien vieillir, vous donne rendez-vous pour vous proposer des jeux et des&#46;&#46;&#46;<\/p>\n","protected":false},"author":11,"featured_media":0,"parent":2564,"menu_order":6,"comment_status":"closed","ping_status":"closed","template":"","meta":{"footnotes":""},"class_list":["post-2636","page","type-page","status-publish","hentry"],"_links":{"self":[{"href":"https:\/\/centresocial-horizon.fr\/index.php?rest_route=\/wp\/v2\/pages\/2636","targetHints":{"allow":["GET"]}}],"collection":[{"href":"https:\/\/centresocial-horizon.fr\/index.php?rest_route=\/wp\/v2\/pages"}],"about":[{"href":"https:\/\/centresocial-horizon.fr\/index.php?rest_route=\/wp\/v2\/types\/page"}],"author":[{"embeddable":true,"href":"https:\/\/centresocial-horizon.fr\/index.php?rest_route=\/wp\/v2\/users\/11"}],"replies":[{"embeddable":true,"href":"https:\/\/centresocial-horizon.fr\/index.php?rest_route=%2Fwp%2Fv2%2Fcomments&post=2636"}],"version-history":[{"count":29,"href":"https:\/\/centresocial-horizon.fr\/index.php?rest_route=\/wp\/v2\/pages\/2636\/revisions"}],"predecessor-version":[{"id":7681,"href":"https:\/\/centresocial-horizon.fr\/index.php?rest_route=\/wp\/v2\/pages\/2636\/revisions\/7681"}],"up":[{"embeddable":true,"href":"https:\/\/centresocial-horizon.fr\/index.php?rest_route=\/wp\/v2\/pages\/2564"}],"wp:attachment":[{"href":"https:\/\/centresocial-horizon.fr\/index.php?rest_route=%2Fwp%2Fv2%2Fmedia&parent=2636"}],"curies":[{"name":"wp","href":"https:\/\/api.w.org\/{rel}","templated":true}]}}