{"id":262,"date":"2011-03-18T10:42:10","date_gmt":"2011-03-18T10:42:10","guid":{"rendered":"http:\/\/centresocial-horizon.fr\/?page_id=262"},"modified":"2023-02-16T16:26:04","modified_gmt":"2023-02-16T15:26:04","slug":"les-tarifs","status":"publish","type":"page","link":"https:\/\/centresocial-horizon.fr\/?page_id=262","title":{"rendered":"Adh\u00e9sion"},"content":{"rendered":"<h2><span style=\"color: #0000ff;\">Prendre la carte d&rsquo;adh\u00e9sion, c&rsquo;est adh\u00e9rer aux valeurs du Centre Social et Socioculturel et b\u00e9n\u00e9ficier des services et activit\u00e9s propos\u00e9s. Cette carte annuelle est valable pour toute la famille.<\/span><\/h2>\n<h2><span style=\"color: #0000ff;\">La carte d&rsquo;adh\u00e9sion est de 10 \u20ac pour les usagers. Pour les associations l&rsquo;adh\u00e9sion varie selon le temps d&rsquo;occupation des locaux (informations \u00e0 l&rsquo;accueil).<\/span><\/h2>\n","protected":false},"excerpt":{"rendered":"<p>Prendre la carte d&rsquo;adh\u00e9sion, c&rsquo;est adh\u00e9rer aux valeurs du Centre Social et Socioculturel et b\u00e9n\u00e9ficier des services et activit\u00e9s propos\u00e9s. Cette carte annuelle est valable pour toute la famille. La carte d&rsquo;adh\u00e9sion est de&#46;&#46;&#46;<\/p>\n","protected":false},"author":11,"featured_media":0,"parent":236,"menu_order":0,"comment_status":"open","ping_status":"open","template":"","meta":{"footnotes":""},"class_list":["post-262","page","type-page","status-publish","hentry"],"_links":{"self":[{"href":"https:\/\/centresocial-horizon.fr\/index.php?rest_route=\/wp\/v2\/pages\/262","targetHints":{"allow":["GET"]}}],"collection":[{"href":"https:\/\/centresocial-horizon.fr\/index.php?rest_route=\/wp\/v2\/pages"}],"about":[{"href":"https:\/\/centresocial-horizon.fr\/index.php?rest_route=\/wp\/v2\/types\/page"}],"author":[{"embeddable":true,"href":"https:\/\/centresocial-horizon.fr\/index.php?rest_route=\/wp\/v2\/users\/11"}],"replies":[{"embeddable":true,"href":"https:\/\/centresocial-horizon.fr\/index.php?rest_route=%2Fwp%2Fv2%2Fcomments&post=262"}],"version-history":[{"count":4,"href":"https:\/\/centresocial-horizon.fr\/index.php?rest_route=\/wp\/v2\/pages\/262\/revisions"}],"predecessor-version":[{"id":5302,"href":"https:\/\/centresocial-horizon.fr\/index.php?rest_route=\/wp\/v2\/pages\/262\/revisions\/5302"}],"up":[{"embeddable":true,"href":"https:\/\/centresocial-horizon.fr\/index.php?rest_route=\/wp\/v2\/pages\/236"}],"wp:attachment":[{"href":"https:\/\/centresocial-horizon.fr\/index.php?rest_route=%2Fwp%2Fv2%2Fmedia&parent=262"}],"curies":[{"name":"wp","href":"https:\/\/api.w.org\/{rel}","templated":true}]}}