{"id":198,"date":"2011-03-18T09:53:00","date_gmt":"2011-03-18T09:53:00","guid":{"rendered":"http:\/\/centresocial-horizon.fr\/?page_id=198"},"modified":"2024-05-17T10:24:50","modified_gmt":"2024-05-17T08:24:50","slug":"commission-echanges-de-savoirs","status":"publish","type":"page","link":"https:\/\/centresocial-horizon.fr\/?page_id=198","title":{"rendered":"Commission \u00e9changes de savoirs"},"content":{"rendered":"<h3 style=\"text-align: center;\"><a href=\"https:\/\/centresocial-horizon.fr\/wp-content\/uploads\/2011\/03\/thumb.png\"><img loading=\"lazy\" decoding=\"async\" class=\"aligncenter size-medium wp-image-1758\" src=\"https:\/\/centresocial-horizon.fr\/wp-content\/uploads\/2011\/03\/thumb-300x124.png\" alt=\"thumb\" width=\"300\" height=\"124\" srcset=\"https:\/\/centresocial-horizon.fr\/wp-content\/uploads\/2011\/03\/thumb-300x124.png 300w, https:\/\/centresocial-horizon.fr\/wp-content\/uploads\/2011\/03\/thumb.png 700w\" sizes=\"auto, (max-width: 300px) 100vw, 300px\" \/><\/a><a href=\"https:\/\/centresocial-horizon.fr\/wp-content\/uploads\/2011\/02\/thumb.png\"><br \/>\n<\/a><span style=\"color: #0000ff;\">L&rsquo;id\u00e9e est simple, le Centre Social met en relation des personnes qui souhaitent recevoir des savoirs avec celles qui proposent de les transmettre.<\/span><\/h3>\n<h3><span style=\"color: #0000ff;\">La commission des \u00e9changes de savoirs est compos\u00e9e de chaque responsable d&rsquo;atelier et d&rsquo;un salari\u00e9 du Centre Social, elle se r\u00e9unit 3 fois dans l&rsquo;ann\u00e9e pour faire le point sur les diff\u00e9rents ateliers et pour pr\u00e9parer la f\u00eate des \u00e9changes de savoirs.<br \/>\n<\/span><\/h3>\n<h2 style=\"text-align: center;\"><span style=\"color: #ff00ff;\">\u00a0<\/span><\/h2>\n","protected":false},"excerpt":{"rendered":"<p>L&rsquo;id\u00e9e est simple, le Centre Social met en relation des personnes qui souhaitent recevoir des savoirs avec celles qui proposent de les transmettre. La commission des \u00e9changes de savoirs est compos\u00e9e de chaque responsable&#46;&#46;&#46;<\/p>\n","protected":false},"author":11,"featured_media":0,"parent":189,"menu_order":0,"comment_status":"open","ping_status":"open","template":"","meta":{"footnotes":""},"class_list":["post-198","page","type-page","status-publish","hentry"],"_links":{"self":[{"href":"https:\/\/centresocial-horizon.fr\/index.php?rest_route=\/wp\/v2\/pages\/198","targetHints":{"allow":["GET"]}}],"collection":[{"href":"https:\/\/centresocial-horizon.fr\/index.php?rest_route=\/wp\/v2\/pages"}],"about":[{"href":"https:\/\/centresocial-horizon.fr\/index.php?rest_route=\/wp\/v2\/types\/page"}],"author":[{"embeddable":true,"href":"https:\/\/centresocial-horizon.fr\/index.php?rest_route=\/wp\/v2\/users\/11"}],"replies":[{"embeddable":true,"href":"https:\/\/centresocial-horizon.fr\/index.php?rest_route=%2Fwp%2Fv2%2Fcomments&post=198"}],"version-history":[{"count":8,"href":"https:\/\/centresocial-horizon.fr\/index.php?rest_route=\/wp\/v2\/pages\/198\/revisions"}],"predecessor-version":[{"id":6119,"href":"https:\/\/centresocial-horizon.fr\/index.php?rest_route=\/wp\/v2\/pages\/198\/revisions\/6119"}],"up":[{"embeddable":true,"href":"https:\/\/centresocial-horizon.fr\/index.php?rest_route=\/wp\/v2\/pages\/189"}],"wp:attachment":[{"href":"https:\/\/centresocial-horizon.fr\/index.php?rest_route=%2Fwp%2Fv2%2Fmedia&parent=198"}],"curies":[{"name":"wp","href":"https:\/\/api.w.org\/{rel}","templated":true}]}}