{"id":196,"date":"2011-03-18T09:52:39","date_gmt":"2011-03-18T09:52:39","guid":{"rendered":"http:\/\/centresocial-horizon.fr\/?page_id=196"},"modified":"2018-04-19T16:02:22","modified_gmt":"2018-04-19T14:02:22","slug":"commission-famille","status":"publish","type":"page","link":"https:\/\/centresocial-horizon.fr\/?page_id=196","title":{"rendered":"Commission Famille\/Jeunesse"},"content":{"rendered":"<p><strong style=\"color: #0000ff;\">La commission Famille\/Jeunesse\u00a0<\/strong><span style=\"color: #0000ff;\">est une\u00a0instance\u00a0de r\u00e9flexion en lien avec l&rsquo;action du volet \u00e9ducation du Centre Social. <\/span><\/p>\n<p><span style=\"color: #0000ff;\">Compos\u00e9e de b\u00e9n\u00e9voles, de parents, d&rsquo;administrateurs et de salari\u00e9s du Centre Social, elle a pour objet de r\u00e9fl\u00e9chir et de mettre en place des\u00a0actions r\u00e9pondant aux attentes et aux besoins des familles et des jeunes sur le quartier.<\/span><\/p>\n<p><span style=\"color: #0000ff;\">Cela peut se traduire par des sorties familiales, des groupes de paroles, ou encore des actions de soutien \u00e0 la parentalit\u00e9, des actions interg\u00e9n\u00e9rationnelles&#8230;<\/span><\/p>\n","protected":false},"excerpt":{"rendered":"<p>La commission Famille\/Jeunesse\u00a0est une\u00a0instance\u00a0de r\u00e9flexion en lien avec l&rsquo;action du volet \u00e9ducation du Centre Social. Compos\u00e9e de b\u00e9n\u00e9voles, de parents, d&rsquo;administrateurs et de salari\u00e9s du Centre Social, elle a pour objet de r\u00e9fl\u00e9chir et&#46;&#46;&#46;<\/p>\n","protected":false},"author":11,"featured_media":0,"parent":189,"menu_order":0,"comment_status":"open","ping_status":"open","template":"","meta":{"footnotes":""},"class_list":["post-196","page","type-page","status-publish","hentry"],"_links":{"self":[{"href":"https:\/\/centresocial-horizon.fr\/index.php?rest_route=\/wp\/v2\/pages\/196","targetHints":{"allow":["GET"]}}],"collection":[{"href":"https:\/\/centresocial-horizon.fr\/index.php?rest_route=\/wp\/v2\/pages"}],"about":[{"href":"https:\/\/centresocial-horizon.fr\/index.php?rest_route=\/wp\/v2\/types\/page"}],"author":[{"embeddable":true,"href":"https:\/\/centresocial-horizon.fr\/index.php?rest_route=\/wp\/v2\/users\/11"}],"replies":[{"embeddable":true,"href":"https:\/\/centresocial-horizon.fr\/index.php?rest_route=%2Fwp%2Fv2%2Fcomments&post=196"}],"version-history":[{"count":4,"href":"https:\/\/centresocial-horizon.fr\/index.php?rest_route=\/wp\/v2\/pages\/196\/revisions"}],"predecessor-version":[{"id":2658,"href":"https:\/\/centresocial-horizon.fr\/index.php?rest_route=\/wp\/v2\/pages\/196\/revisions\/2658"}],"up":[{"embeddable":true,"href":"https:\/\/centresocial-horizon.fr\/index.php?rest_route=\/wp\/v2\/pages\/189"}],"wp:attachment":[{"href":"https:\/\/centresocial-horizon.fr\/index.php?rest_route=%2Fwp%2Fv2%2Fmedia&parent=196"}],"curies":[{"name":"wp","href":"https:\/\/api.w.org\/{rel}","templated":true}]}}