{"id":188,"date":"2011-03-18T09:50:23","date_gmt":"2011-03-18T09:50:23","guid":{"rendered":"http:\/\/centresocial-horizon.fr\/?page_id=187"},"modified":"2025-07-03T10:30:02","modified_gmt":"2025-07-03T08:30:02","slug":"le-bureau","status":"publish","type":"page","link":"https:\/\/centresocial-horizon.fr\/?page_id=188","title":{"rendered":"Le Bureau"},"content":{"rendered":"<p><span style=\"color: #0000ff;\">Pr\u00e9sidente :<\/span><\/p>\n<ul>\n<li><span style=\"color: #0000ff;\">Mme Chantal MELIN<\/span><\/li>\n<\/ul>\n<p><span style=\"color: #0000ff;\">Vice-pr\u00e9sidente<\/span><\/p>\n<ul>\n<li><span style=\"color: #0000ff;\">Mme Fabienne DELATRE<\/span><\/li>\n<\/ul>\n<p><span style=\"color: #0000ff;\">Tr\u00e9sorier :<\/span><\/p>\n<ul>\n<li><span style=\"color: #0000ff;\">Commission financi\u00e8re repr\u00e9sent\u00e9e par Mr Michel RIAZUELO<br \/>\n<\/span><\/li>\n<\/ul>\n<p><span style=\"color: #0000ff;\">Secr\u00e9taire :\u00a0<strong><br \/>\n<\/strong><\/span><\/p>\n<ul>\n<li><span style=\"color: #0000ff;\">Mr Guy RAMBAUD<\/span><\/li>\n<\/ul>\n<p><span style=\"color: #0000ff;\">Secr\u00e9taire adjointe :<\/span><\/p>\n<p><span style=\"color: #0000ff;\">Mme Elisabeth TRICOIRE<\/span><\/p>\n<p>&nbsp;<\/p>\n","protected":false},"excerpt":{"rendered":"<p>Pr\u00e9sidente : Mme Chantal MELIN Vice-pr\u00e9sidente Mme Fabienne DELATRE Tr\u00e9sorier : Commission financi\u00e8re repr\u00e9sent\u00e9e par Mr Michel RIAZUELO Secr\u00e9taire :\u00a0 Mr Guy RAMBAUD Secr\u00e9taire adjointe : Mme Elisabeth TRICOIRE &nbsp;<\/p>\n","protected":false},"author":11,"featured_media":0,"parent":181,"menu_order":0,"comment_status":"open","ping_status":"open","template":"","meta":{"footnotes":""},"class_list":["post-188","page","type-page","status-publish","hentry"],"_links":{"self":[{"href":"https:\/\/centresocial-horizon.fr\/index.php?rest_route=\/wp\/v2\/pages\/188","targetHints":{"allow":["GET"]}}],"collection":[{"href":"https:\/\/centresocial-horizon.fr\/index.php?rest_route=\/wp\/v2\/pages"}],"about":[{"href":"https:\/\/centresocial-horizon.fr\/index.php?rest_route=\/wp\/v2\/types\/page"}],"author":[{"embeddable":true,"href":"https:\/\/centresocial-horizon.fr\/index.php?rest_route=\/wp\/v2\/users\/11"}],"replies":[{"embeddable":true,"href":"https:\/\/centresocial-horizon.fr\/index.php?rest_route=%2Fwp%2Fv2%2Fcomments&post=188"}],"version-history":[{"count":13,"href":"https:\/\/centresocial-horizon.fr\/index.php?rest_route=\/wp\/v2\/pages\/188\/revisions"}],"predecessor-version":[{"id":7085,"href":"https:\/\/centresocial-horizon.fr\/index.php?rest_route=\/wp\/v2\/pages\/188\/revisions\/7085"}],"up":[{"embeddable":true,"href":"https:\/\/centresocial-horizon.fr\/index.php?rest_route=\/wp\/v2\/pages\/181"}],"wp:attachment":[{"href":"https:\/\/centresocial-horizon.fr\/index.php?rest_route=%2Fwp%2Fv2%2Fmedia&parent=188"}],"curies":[{"name":"wp","href":"https:\/\/api.w.org\/{rel}","templated":true}]}}