{"id":175,"date":"2011-03-18T09:45:29","date_gmt":"2011-03-18T09:45:29","guid":{"rendered":"http:\/\/centresocial-horizon.fr\/?page_id=175"},"modified":"2026-03-26T12:31:12","modified_gmt":"2026-03-26T11:31:12","slug":"vacances-et-week-ends-familles","status":"publish","type":"page","link":"https:\/\/centresocial-horizon.fr\/?page_id=175","title":{"rendered":"Programmes des vacances scolaires &amp; infos s\u00e9jours familles !"},"content":{"rendered":"\n<p><strong>Programme des vacances de Printemps :<\/strong><\/p>\n\n\n\n<div data-wp-interactive=\"core\/file\" class=\"wp-block-file\"><object data-wp-bind--hidden=\"!state.hasPdfPreview\" hidden class=\"wp-block-file__embed\" data=\"https:\/\/centresocial-horizon.fr\/wp-content\/uploads\/2026\/03\/Programme-Vacances-famille-Avril-2026-CSS-Horizon-1.pdf\" type=\"application\/pdf\" style=\"width:100%;height:600px\" aria-label=\"Contenu embarqu\u00e9 Programme Vacances famille Avril 2026 CSS Horizon.\"><\/object><a id=\"wp-block-file--media-70f1488b-f22f-4748-9388-59da68627cf1\" href=\"https:\/\/centresocial-horizon.fr\/wp-content\/uploads\/2026\/03\/Programme-Vacances-famille-Avril-2026-CSS-Horizon-1.pdf\">Programme Vacances famille Avril 2026 CSS Horizon<\/a><a href=\"https:\/\/centresocial-horizon.fr\/wp-content\/uploads\/2026\/03\/Programme-Vacances-famille-Avril-2026-CSS-Horizon-1.pdf\" class=\"wp-block-file__button wp-element-button\" download aria-describedby=\"wp-block-file--media-70f1488b-f22f-4748-9388-59da68627cf1\">T\u00e9l\u00e9charger<\/a><\/div>\n\n\n\n<h2 class=\"wp-block-heading\">&nbsp;<span style=\"color: #0000ff;\">Des projets de d\u00e9part en vacances, ou des sorties peuvent \u00eatre organis\u00e9s en fonction des demandes des familles.<\/span><\/h2>\n\n\n\n<h3 class=\"wp-block-heading\"><span style=\"color: #0000ff;\">Renseignements aupr\u00e8s de la r\u00e9f\u00e9rente famille H\u00e9l\u00e8ne MIRANDA.<br><\/span><\/h3>\n\n\n\n<p><\/p>\n\n\n\n<p><\/p>\n\n\n\n<p><\/p>\n\n\n\n<p><\/p>\n\n\n\n<p><\/p>\n\n\n\n<p><\/p>\n\n\n\n<p><\/p>\n\n\n\n<p><\/p>\n\n\n\n<p><\/p>\n\n\n\n<figure class=\"wp-block-image size-full is-resized\"><a href=\"https:\/\/centresocial-horizon.fr\/wp-content\/uploads\/2026\/01\/thumbnail_image.png\"><img loading=\"lazy\" decoding=\"async\" width=\"740\" height=\"334\" src=\"https:\/\/centresocial-horizon.fr\/wp-content\/uploads\/2026\/01\/thumbnail_image.png\" alt=\"\" class=\"wp-image-7564\" style=\"aspect-ratio:2.2156003505696757;width:379px;height:auto\" srcset=\"https:\/\/centresocial-horizon.fr\/wp-content\/uploads\/2026\/01\/thumbnail_image.png 740w, https:\/\/centresocial-horizon.fr\/wp-content\/uploads\/2026\/01\/thumbnail_image-300x135.png 300w, https:\/\/centresocial-horizon.fr\/wp-content\/uploads\/2026\/01\/thumbnail_image-600x271.png 600w\" sizes=\"auto, (max-width: 740px) 100vw, 740px\" \/><\/a><\/figure>\n","protected":false},"excerpt":{"rendered":"<p>Programme des vacances de Printemps : &nbsp;Des projets de d\u00e9part en vacances, ou des sorties peuvent \u00eatre organis\u00e9s en fonction des demandes des familles. Renseignements aupr\u00e8s de la r\u00e9f\u00e9rente famille H\u00e9l\u00e8ne MIRANDA.<\/p>\n","protected":false},"author":17,"featured_media":0,"parent":0,"menu_order":0,"comment_status":"open","ping_status":"open","template":"","meta":{"footnotes":""},"class_list":["post-175","page","type-page","status-publish","hentry"],"_links":{"self":[{"href":"https:\/\/centresocial-horizon.fr\/index.php?rest_route=\/wp\/v2\/pages\/175","targetHints":{"allow":["GET"]}}],"collection":[{"href":"https:\/\/centresocial-horizon.fr\/index.php?rest_route=\/wp\/v2\/pages"}],"about":[{"href":"https:\/\/centresocial-horizon.fr\/index.php?rest_route=\/wp\/v2\/types\/page"}],"author":[{"embeddable":true,"href":"https:\/\/centresocial-horizon.fr\/index.php?rest_route=\/wp\/v2\/users\/17"}],"replies":[{"embeddable":true,"href":"https:\/\/centresocial-horizon.fr\/index.php?rest_route=%2Fwp%2Fv2%2Fcomments&post=175"}],"version-history":[{"count":53,"href":"https:\/\/centresocial-horizon.fr\/index.php?rest_route=\/wp\/v2\/pages\/175\/revisions"}],"predecessor-version":[{"id":7727,"href":"https:\/\/centresocial-horizon.fr\/index.php?rest_route=\/wp\/v2\/pages\/175\/revisions\/7727"}],"wp:attachment":[{"href":"https:\/\/centresocial-horizon.fr\/index.php?rest_route=%2Fwp%2Fv2%2Fmedia&parent=175"}],"curies":[{"name":"wp","href":"https:\/\/api.w.org\/{rel}","templated":true}]}}