{"id":1343,"date":"2013-12-12T11:07:25","date_gmt":"2013-12-12T11:07:25","guid":{"rendered":"http:\/\/centresocial-horizon.fr\/?page_id=1343"},"modified":"2025-10-31T11:46:00","modified_gmt":"2025-10-31T10:46:00","slug":"lequip","status":"publish","type":"page","link":"https:\/\/centresocial-horizon.fr\/?page_id=1343","title":{"rendered":"L&rsquo;\u00e9quipe"},"content":{"rendered":"<h4 style=\"text-align: left;\"><span style=\"color: #0000ff;\"><strong><span style=\"color: #000000;\">Direction :<\/span> <span style=\"color: #000000;\">Lucie BOURASSEAU<\/span><br \/>\n<\/strong><\/span><\/h4>\n<h4 style=\"text-align: left;\"><span style=\"color: #0000ff;\"><strong><span style=\"color: #000000;\">Accueil\/secr\u00e9tariat<\/span> <span style=\"color: #000000;\">: Samira IHATTAREN\u00a0<\/span><\/strong><\/span><\/h4>\n<h4 style=\"text-align: left;\"><span style=\"color: #0000ff;\"><strong><span style=\"color: #000000;\">Comptabilit\u00e9<\/span> <span style=\"color: #000000;\">: Nathalie LOISEAU<\/span><\/strong><\/span><\/h4>\n<h4><strong>Responsable jeunesse : Flavien GUILLOTE<\/strong><\/h4>\n<h4><strong>Animateur jeunesse : Nathan BARREAU<\/strong><\/h4>\n<h4><strong>Animatrice jeunesse en alternance\u00a0 : Marie GOURDON<\/strong><\/h4>\n<h4 style=\"text-align: left;\"><span style=\"color: #0000ff;\"><strong><span style=\"color: #000000;\">R\u00e9f\u00e9rente famille : H\u00e9l\u00e8ne MIRANDA<\/span>\u00a0<\/strong><\/span><\/h4>\n<h4 style=\"text-align: left;\"><span style=\"color: #0000ff;\"><strong><span style=\"color: #000000;\">Animatrice seniors\u00a0\u00a0: Marion GUINAUDEAU<\/span> <\/strong><\/span><\/h4>\n<h4><span style=\"color: #0000ff;\"><strong><span style=\"color: #000000;\">Agent d&rsquo;entretien : Alice DA<\/span>\u00a0<span style=\"color: #000000;\">COSTA CADETE<\/span><br \/>\n<\/strong><\/span><\/h4>\n<h5><\/h5>\n<h3><strong><span style=\"color: #0000ff;\">\u00a0<\/span><\/strong><\/h3>\n<h3 style=\"text-align: left;\"><span style=\"color: #0000ff;\"><strong>\u00a0<\/strong><\/span><\/h3>\n<h3><\/h3>\n","protected":false},"excerpt":{"rendered":"<p>Direction : Lucie BOURASSEAU Accueil\/secr\u00e9tariat : Samira IHATTAREN\u00a0 Comptabilit\u00e9 : Nathalie LOISEAU Responsable jeunesse : Flavien GUILLOTE Animateur jeunesse : Nathan BARREAU Animatrice jeunesse en alternance\u00a0 : Marie GOURDON R\u00e9f\u00e9rente famille : H\u00e9l\u00e8ne MIRANDA\u00a0&#46;&#46;&#46;<\/p>\n","protected":false},"author":11,"featured_media":0,"parent":0,"menu_order":0,"comment_status":"open","ping_status":"open","template":"","meta":{"footnotes":""},"class_list":["post-1343","page","type-page","status-publish","hentry"],"_links":{"self":[{"href":"https:\/\/centresocial-horizon.fr\/index.php?rest_route=\/wp\/v2\/pages\/1343","targetHints":{"allow":["GET"]}}],"collection":[{"href":"https:\/\/centresocial-horizon.fr\/index.php?rest_route=\/wp\/v2\/pages"}],"about":[{"href":"https:\/\/centresocial-horizon.fr\/index.php?rest_route=\/wp\/v2\/types\/page"}],"author":[{"embeddable":true,"href":"https:\/\/centresocial-horizon.fr\/index.php?rest_route=\/wp\/v2\/users\/11"}],"replies":[{"embeddable":true,"href":"https:\/\/centresocial-horizon.fr\/index.php?rest_route=%2Fwp%2Fv2%2Fcomments&post=1343"}],"version-history":[{"count":44,"href":"https:\/\/centresocial-horizon.fr\/index.php?rest_route=\/wp\/v2\/pages\/1343\/revisions"}],"predecessor-version":[{"id":7402,"href":"https:\/\/centresocial-horizon.fr\/index.php?rest_route=\/wp\/v2\/pages\/1343\/revisions\/7402"}],"wp:attachment":[{"href":"https:\/\/centresocial-horizon.fr\/index.php?rest_route=%2Fwp%2Fv2%2Fmedia&parent=1343"}],"curies":[{"name":"wp","href":"https:\/\/api.w.org\/{rel}","templated":true}]}}