{"id":1298,"date":"2013-12-11T15:01:16","date_gmt":"2013-12-11T15:01:16","guid":{"rendered":"http:\/\/centresocial-horizon.fr\/?page_id=1298"},"modified":"2016-07-01T12:44:03","modified_gmt":"2016-07-01T12:44:03","slug":"les-partenaires-du-centre-social","status":"publish","type":"page","link":"https:\/\/centresocial-horizon.fr\/?page_id=1298","title":{"rendered":"Nos partenaires"},"content":{"rendered":"<p style=\"text-align: center;\"><span style=\"color: #0000ff;\">La Communaut\u00e9 d\u2019Agglom\u00e9ration du Choletais<\/span><\/p>\n<p><a href=\"https:\/\/centresocial-horizon.fr\/wp-content\/uploads\/2013\/12\/image001.png\"><img loading=\"lazy\" decoding=\"async\" class=\"aligncenter size-medium wp-image-1299\" src=\"https:\/\/centresocial-horizon.fr\/wp-content\/uploads\/2013\/12\/image001-300x136.png\" alt=\"image001\" width=\"300\" height=\"136\" srcset=\"https:\/\/centresocial-horizon.fr\/wp-content\/uploads\/2013\/12\/image001-300x136.png 300w, https:\/\/centresocial-horizon.fr\/wp-content\/uploads\/2013\/12\/image001.png 726w\" sizes=\"auto, (max-width: 300px) 100vw, 300px\" \/><\/a><\/p>\n<p>&nbsp;<\/p>\n<p style=\"text-align: center;\"><span style=\"color: #0000ff;\">D\u00e8s janvier 2002, la Communaut\u00e9 d\u2019Agglom\u00e9ration du Choletais a souhait\u00e9 se doter de la comp\u00e9tence \u00ab\u00a0suivi et accompagnement des Centres Sociaux\u00a0\u00bb. Cette initiative est n\u00e9e de la volont\u00e9 de conduire une politique coh\u00e9rente sur l\u2019ensemble du territoire pour favoriser la mise en place d\u2019animations socioculturelles, \u00e9ducatives, ainsi que des actions sociales de proximit\u00e9.<\/span><\/p>\n<p style=\"text-align: center;\"><span style=\"color: #0000ff;\">\u00a0 Gr\u00e2ce \u00e0 un important soutien financier en faveur des Centres Sociaux, la Communaut\u00e9 d\u2019Agglom\u00e9ration du Choletais a ainsi choisi de s\u2019investir dans le fonctionnement de ces \u00e9quipements de proximit\u00e9, qui contribuent \u00e0 une collaboration productive entre les associations, les partenaires institutionnels et les habitants. Accompagnement des familles, des initiatives locales, organisation de loisirs \u00e9ducatifs pour les enfants et les jeunes, sont autant de r\u00e9sultats concrets de partenariat.<\/span><\/p>\n<p style=\"text-align: center;\"><span style=\"color: #0000ff;\">Parce que la solidarit\u00e9 et le d\u00e9veloppement du lien social font partie de ses priorit\u00e9s,\u00a0 la Communaut\u00e9 d\u2019Agglom\u00e9ration du Choletais s\u2019engage durablement en faveur des Centres Sociaux en tant que partenaires privil\u00e9gi\u00e9s.<\/span><\/p>\n<p style=\"text-align: center;\"><span style=\"color: #0000ff;\">\u00a0<\/span><\/p>\n<p style=\"text-align: center;\"><span style=\"color: #0000ff;\">Gilles BOURDOULEIX<\/span><\/p>\n<p style=\"text-align: center;\"><span style=\"color: #0000ff;\">Pr\u00e9sident de la Communaut\u00e9 d\u2019Agglom\u00e9ration du Choletais<\/span><\/p>\n<p style=\"text-align: center;\"><span style=\"color: #0000ff;\">Maire de Cholet<\/span><\/p>\n<p style=\"text-align: center;\"><span style=\"color: #0000ff;\">D\u00e9put\u00e9<\/span><\/p>\n<p style=\"text-align: center;\"><span style=\"color: #0000ff;\">\u00a0<\/span><\/p>\n<p style=\"text-align: center;\"><span style=\"color: #0000ff;\">La Caisse d\u2019Allocations Familiales de Maine et Loire<\/span><\/p>\n<p><a href=\"https:\/\/centresocial-horizon.fr\/wp-content\/uploads\/2013\/12\/cafMaineetLoire.jpg\"><img loading=\"lazy\" decoding=\"async\" class=\"aligncenter size-medium wp-image-1300\" src=\"https:\/\/centresocial-horizon.fr\/wp-content\/uploads\/2013\/12\/cafMaineetLoire-186x300.jpg\" alt=\"Imprimer\" width=\"186\" height=\"300\" srcset=\"https:\/\/centresocial-horizon.fr\/wp-content\/uploads\/2013\/12\/cafMaineetLoire-186x300.jpg 186w, https:\/\/centresocial-horizon.fr\/wp-content\/uploads\/2013\/12\/cafMaineetLoire.jpg 429w\" sizes=\"auto, (max-width: 186px) 100vw, 186px\" \/><\/a><\/p>\n<p style=\"text-align: center;\"><span style=\"color: #0000ff;\">Les caisses d\u2019Allocations familiales financent et participent au d\u00e9veloppement des centres sociaux depuis 1948. Ces \u00e9quipements sont soutenus par les Caf au titre de l\u2019animation de la vie sociale*. Les centres sociaux contribuent au mieux vivre ensemble, \u00e0 l\u2019\u00e9panouissement des parents et des enfants, en renfor\u00e7ant les liens au sein des familles et les relations de solidarit\u00e9 entre les habitants.<\/span><br \/>\n<span style=\"color: #0000ff;\">Lieu ressources et lieu d\u2019animation de la vie sociale, les centres sociaux sont ouverts \u00e0 tous les habitants avec une attention particuli\u00e8re aux familles et publics fragilis\u00e9s. Leur richesse r\u00e9side dans la vari\u00e9t\u00e9 des publics qui les fr\u00e9quentent, toutes g\u00e9n\u00e9rations confondues. Ils permettent aux habitants d\u2019exprimer, de concevoir et de r\u00e9aliser leurs projets.<\/span><br \/>\n<span style=\"color: #0000ff;\">La Caf de Maine-et-Loire responsable de l\u2019agr\u00e9ment, soutient financi\u00e8rement le centre social sur la base d\u2019un projet social \u00e9labor\u00e9 avec les diff\u00e9rents acteurs du territoire : habitants, \u00e9lus locaux, associations, institutions\u2026<\/span><br \/>\n<span style=\"color: #0000ff;\">Les professionnels de la Caf accompagnent le centre social \u00e0 la coordination et \u00e0 la mise en oeuvre des actions.<\/span><br \/>\n<span style=\"color: #0000ff;\">*Des actions sont d\u00e9velopp\u00e9es avec des associations locales comme par exemple semaines d\u2019animation petite enfance, sorties familiales, \u00e9changes interg\u00e9n\u00e9rationnels, ateliers parents, ateliers de soutien \u00e0 la scolarit\u00e9, ateliers cuisine, \u00e9changes de savoirs, soir\u00e9es d\u2019informations sur des th\u00e8mes d\u2019\u00e9ducation ou de sant\u00e9.<\/span><br \/>\n<span style=\"color: #0000ff;\">Contact : action-sociale.cafmaine-et-loire@caf.cnafmail.fr<\/span><\/p>\n<p style=\"text-align: center;\">\n","protected":false},"excerpt":{"rendered":"<p>La Communaut\u00e9 d\u2019Agglom\u00e9ration du Choletais &nbsp; D\u00e8s janvier 2002, la Communaut\u00e9 d\u2019Agglom\u00e9ration du Choletais a souhait\u00e9 se doter de la comp\u00e9tence \u00ab\u00a0suivi et accompagnement des Centres Sociaux\u00a0\u00bb. Cette initiative est n\u00e9e de la volont\u00e9&#46;&#46;&#46;<\/p>\n","protected":false},"author":11,"featured_media":0,"parent":0,"menu_order":0,"comment_status":"open","ping_status":"open","template":"","meta":{"footnotes":""},"class_list":["post-1298","page","type-page","status-publish","hentry"],"_links":{"self":[{"href":"https:\/\/centresocial-horizon.fr\/index.php?rest_route=\/wp\/v2\/pages\/1298","targetHints":{"allow":["GET"]}}],"collection":[{"href":"https:\/\/centresocial-horizon.fr\/index.php?rest_route=\/wp\/v2\/pages"}],"about":[{"href":"https:\/\/centresocial-horizon.fr\/index.php?rest_route=\/wp\/v2\/types\/page"}],"author":[{"embeddable":true,"href":"https:\/\/centresocial-horizon.fr\/index.php?rest_route=\/wp\/v2\/users\/11"}],"replies":[{"embeddable":true,"href":"https:\/\/centresocial-horizon.fr\/index.php?rest_route=%2Fwp%2Fv2%2Fcomments&post=1298"}],"version-history":[{"count":3,"href":"https:\/\/centresocial-horizon.fr\/index.php?rest_route=\/wp\/v2\/pages\/1298\/revisions"}],"predecessor-version":[{"id":2200,"href":"https:\/\/centresocial-horizon.fr\/index.php?rest_route=\/wp\/v2\/pages\/1298\/revisions\/2200"}],"wp:attachment":[{"href":"https:\/\/centresocial-horizon.fr\/index.php?rest_route=%2Fwp%2Fv2%2Fmedia&parent=1298"}],"curies":[{"name":"wp","href":"https:\/\/api.w.org\/{rel}","templated":true}]}}