{"id":1271,"date":"2013-12-09T16:01:03","date_gmt":"2013-12-09T16:01:03","guid":{"rendered":"http:\/\/centresocial-horizon.fr\/?page_id=1271"},"modified":"2025-03-12T11:25:41","modified_gmt":"2025-03-12T10:25:41","slug":"groupe-convivialite","status":"publish","type":"page","link":"https:\/\/centresocial-horizon.fr\/?page_id=1271","title":{"rendered":"Ensemble en fran\u00e7ais"},"content":{"rendered":"<h4 style=\"text-align: center;\"><span style=\"color: #0000ff;\">Le groupe ensemble en fran\u00e7ais a pour objectif de r\u00e9unir des personnes d&rsquo;origine \u00e9trang\u00e8re pour favoriser leur insertion sociale et culturelle tout en d\u00e9veloppant l&rsquo;apprentissage de la langue Fran\u00e7aise.<\/span><\/h4>\n<h3 style=\"text-align: center;\"><span style=\"color: #0000ff;\">Le groupe se r\u00e9unit au Centre Social Horizon<br \/><\/span><\/h3>\n<h3 style=\"text-align: center;\"><span style=\"color: #0000ff;\">Tous les mardis (hors vacances scolaires) de 14h30 \u00e0 16h00 salle Belle Ile (une adh\u00e9sion de 10\u20ac est demand\u00e9e) <\/span><\/h3>\n\n\n<figure class=\"wp-block-image size-large\"><a href=\"https:\/\/centresocial-horizon.fr\/wp-content\/uploads\/2025\/03\/Ensemble-en-Francais-Visuel-2025_page-0001.jpg\"><img loading=\"lazy\" decoding=\"async\" width=\"724\" height=\"1024\" src=\"https:\/\/centresocial-horizon.fr\/wp-content\/uploads\/2025\/03\/Ensemble-en-Francais-Visuel-2025_page-0001-724x1024.jpg\" alt=\"\" class=\"wp-image-6843\" srcset=\"https:\/\/centresocial-horizon.fr\/wp-content\/uploads\/2025\/03\/Ensemble-en-Francais-Visuel-2025_page-0001-724x1024.jpg 724w, https:\/\/centresocial-horizon.fr\/wp-content\/uploads\/2025\/03\/Ensemble-en-Francais-Visuel-2025_page-0001-212x300.jpg 212w, https:\/\/centresocial-horizon.fr\/wp-content\/uploads\/2025\/03\/Ensemble-en-Francais-Visuel-2025_page-0001-768x1086.jpg 768w, https:\/\/centresocial-horizon.fr\/wp-content\/uploads\/2025\/03\/Ensemble-en-Francais-Visuel-2025_page-0001-600x849.jpg 600w, https:\/\/centresocial-horizon.fr\/wp-content\/uploads\/2025\/03\/Ensemble-en-Francais-Visuel-2025_page-0001-1086x1536.jpg 1086w, https:\/\/centresocial-horizon.fr\/wp-content\/uploads\/2025\/03\/Ensemble-en-Francais-Visuel-2025_page-0001.jpg 1241w\" sizes=\"auto, (max-width: 724px) 100vw, 724px\" \/><\/a><\/figure>\n","protected":false},"excerpt":{"rendered":"<p>Le groupe ensemble en fran\u00e7ais a pour objectif de r\u00e9unir des personnes d&rsquo;origine \u00e9trang\u00e8re pour favoriser leur insertion sociale et culturelle tout en d\u00e9veloppant l&rsquo;apprentissage de la langue Fran\u00e7aise. Le groupe se r\u00e9unit au&#46;&#46;&#46;<\/p>\n","protected":false},"author":11,"featured_media":0,"parent":0,"menu_order":0,"comment_status":"open","ping_status":"open","template":"","meta":{"footnotes":""},"class_list":["post-1271","page","type-page","status-publish","hentry"],"_links":{"self":[{"href":"https:\/\/centresocial-horizon.fr\/index.php?rest_route=\/wp\/v2\/pages\/1271","targetHints":{"allow":["GET"]}}],"collection":[{"href":"https:\/\/centresocial-horizon.fr\/index.php?rest_route=\/wp\/v2\/pages"}],"about":[{"href":"https:\/\/centresocial-horizon.fr\/index.php?rest_route=\/wp\/v2\/types\/page"}],"author":[{"embeddable":true,"href":"https:\/\/centresocial-horizon.fr\/index.php?rest_route=\/wp\/v2\/users\/11"}],"replies":[{"embeddable":true,"href":"https:\/\/centresocial-horizon.fr\/index.php?rest_route=%2Fwp%2Fv2%2Fcomments&post=1271"}],"version-history":[{"count":21,"href":"https:\/\/centresocial-horizon.fr\/index.php?rest_route=\/wp\/v2\/pages\/1271\/revisions"}],"predecessor-version":[{"id":6844,"href":"https:\/\/centresocial-horizon.fr\/index.php?rest_route=\/wp\/v2\/pages\/1271\/revisions\/6844"}],"wp:attachment":[{"href":"https:\/\/centresocial-horizon.fr\/index.php?rest_route=%2Fwp%2Fv2%2Fmedia&parent=1271"}],"curies":[{"name":"wp","href":"https:\/\/api.w.org\/{rel}","templated":true}]}}