{"id":1000,"date":"2013-11-28T16:35:32","date_gmt":"2013-11-28T16:35:32","guid":{"rendered":"http:\/\/centresocial-horizon.fr\/?page_id=1000"},"modified":"2024-05-17T10:27:03","modified_gmt":"2024-05-17T08:27:03","slug":"commission-bien-vieillir","status":"publish","type":"page","link":"https:\/\/centresocial-horizon.fr\/?page_id=1000","title":{"rendered":"Commission \u00ab\u00a0Bien vieillir\u00a0\u00bb"},"content":{"rendered":"<h3><span style=\"color: #0000ff;\">La commission bien vieillir a r\u00e9alis\u00e9 une enqu\u00eate d\u00e9but 2013, aupr\u00e8s des seniors du quartier. Cette enqu\u00eate fait appara\u00eetre des besoins de liens sociaux et des demandes d&rsquo;activit\u00e9s et de loisirs.\u00a0<span style=\"color: #ff0000;\"><a href=\"https:\/\/centresocial-horizon.fr\/wp-content\/uploads\/2013\/11\/R\u00e9sultats-enqu\u00eate-bien-vieillir.pdf\"><span style=\"color: #ff0000;\">R\u00e9sultats enqu\u00eate bien vieillir<\/span><\/a><\/span><\/span><\/h3>\n<p><a href=\"https:\/\/centresocial-horizon.fr\/wp-content\/uploads\/2013\/11\/Photo-commission.jpg\"><img loading=\"lazy\" decoding=\"async\" class=\"aligncenter size-medium wp-image-1348\" src=\"https:\/\/centresocial-horizon.fr\/wp-content\/uploads\/2013\/11\/Photo-commission-300x130.jpg\" alt=\"Photo commission\" width=\"300\" height=\"130\" srcset=\"https:\/\/centresocial-horizon.fr\/wp-content\/uploads\/2013\/11\/Photo-commission-300x130.jpg 300w, https:\/\/centresocial-horizon.fr\/wp-content\/uploads\/2013\/11\/Photo-commission-1024x444.jpg 1024w\" sizes=\"auto, (max-width: 300px) 100vw, 300px\" \/><\/a><\/p>\n<h3><span style=\"color: #0000ff;\">Aussi, depuis la rentr\u00e9e septembre, elle propose des ateliers d&rsquo;expression (gym d&rsquo;entretien, gym sur chaise, sophrologie&#8230;), le caf\u00e9 particip&rsquo;\u00e2ge et des animations m\u00e9moires (voir activit\u00e9s seniors). Nous avons \u00e9galement mis en place un r\u00e9seau d&rsquo;entraide et de solidarit\u00e9, pour plus de proximit\u00e9 avec nos a\u00een\u00e9s.<\/span><\/h3>\n","protected":false},"excerpt":{"rendered":"<p>La commission bien vieillir a r\u00e9alis\u00e9 une enqu\u00eate d\u00e9but 2013, aupr\u00e8s des seniors du quartier. Cette enqu\u00eate fait appara\u00eetre des besoins de liens sociaux et des demandes d&rsquo;activit\u00e9s et de loisirs.\u00a0R\u00e9sultats enqu\u00eate bien vieillir&#46;&#46;&#46;<\/p>\n","protected":false},"author":11,"featured_media":0,"parent":189,"menu_order":6,"comment_status":"open","ping_status":"open","template":"","meta":{"footnotes":""},"class_list":["post-1000","page","type-page","status-publish","hentry"],"_links":{"self":[{"href":"https:\/\/centresocial-horizon.fr\/index.php?rest_route=\/wp\/v2\/pages\/1000","targetHints":{"allow":["GET"]}}],"collection":[{"href":"https:\/\/centresocial-horizon.fr\/index.php?rest_route=\/wp\/v2\/pages"}],"about":[{"href":"https:\/\/centresocial-horizon.fr\/index.php?rest_route=\/wp\/v2\/types\/page"}],"author":[{"embeddable":true,"href":"https:\/\/centresocial-horizon.fr\/index.php?rest_route=\/wp\/v2\/users\/11"}],"replies":[{"embeddable":true,"href":"https:\/\/centresocial-horizon.fr\/index.php?rest_route=%2Fwp%2Fv2%2Fcomments&post=1000"}],"version-history":[{"count":6,"href":"https:\/\/centresocial-horizon.fr\/index.php?rest_route=\/wp\/v2\/pages\/1000\/revisions"}],"predecessor-version":[{"id":6121,"href":"https:\/\/centresocial-horizon.fr\/index.php?rest_route=\/wp\/v2\/pages\/1000\/revisions\/6121"}],"up":[{"embeddable":true,"href":"https:\/\/centresocial-horizon.fr\/index.php?rest_route=\/wp\/v2\/pages\/189"}],"wp:attachment":[{"href":"https:\/\/centresocial-horizon.fr\/index.php?rest_route=%2Fwp%2Fv2%2Fmedia&parent=1000"}],"curies":[{"name":"wp","href":"https:\/\/api.w.org\/{rel}","templated":true}]}}